{"id":9081,"date":"2024-12-28T14:36:28","date_gmt":"2024-12-28T13:36:28","guid":{"rendered":"https:\/\/autopdz.com\/product\/demarreur-de-voiture-compresseur-pneus-2en1-a-haute-puissance-68800mah\/"},"modified":"2026-04-23T14:44:30","modified_gmt":"2026-04-23T13:44:30","slug":"demarreur-de-voiture-compresseur-pneus-2en1-a-haute-puissance-68800mah","status":"publish","type":"product","link":"https:\/\/autopdz.com\/ar\/product\/demarreur-de-voiture-compresseur-pneus-2en1-a-haute-puissance-68800mah\/","title":{"rendered":"D\u00e9marreur de voiture &amp; Compresseur Pneus 2en1 \u00e0 haute puissance 68800mAh"},"content":{"rendered":"<p>68800mAh Jump Start 100 Pa Pompe \u00e0 air Power Bank Car Jump Start<\/p>\n<p>Caract\u00e9ristiques du produit:<\/p>\n<p>1. D\u00e9marrer les voitures: v\u00e9hicules 12V(V\u00e9hicule \u00e0 essence, d\u00e9placement &lt;3.0L; v\u00e9hicule diesel, d\u00e9placement &lt;2.8L)<br \/>\n2. Chargement de l&rsquo;air pendant 6 minutes(2.5 kilos,100 Pa)<br \/>\n3. Chargez les t\u00e9l\u00e9phones portables: 6 \u00e0 8 fois.<br \/>\n4. Chargez l&rsquo;ordinateur portable ou l&rsquo;iPad: environ 2 heures.<br \/>\n5. Chargez la cam\u00e9ra et d&rsquo;autres petits appareils \u00e9lectriques.<br \/>\n6. Lumi\u00e8res LED multifonctions: torche\/sos\/stroboscope, avec trois couleurs: blanc\/rouge\/bleu<br \/>\n7. Double sortie USB; avec marteau de s\u00e9curit\u00e9 et lame de secours; avec pompe \u00e0 air.<br \/>\n8. Petite taille, facile \u00e0 transporter.<br \/>\n9. Grande capacit\u00e9, pourrait d\u00e9marrer des voitures \u00e0 essence et diesel.<br \/>\n10. Jolie apparence, 3*1W de magnifiques lumi\u00e8res LED color\u00e9es.<br \/>\n11. Pratique en hiver froid ou lorsque la batterie de la voiture est utilis\u00e9e.<br \/>\n12. Sauver des vies en situation d&rsquo;urgence.<\/p>\n<p>Dimensions\t170*80*28mm<br \/>\nPoids\t450g<br \/>\nEntr\u00e9e\t12V &#8211; 1A<br \/>\nSortie\t5V 2A ,12V 2A,16V 3.5A, 19V 3.5A<br \/>\nCapacit\u00e9\t68800mAh<br \/>\nCourant de d\u00e9marrage\t300A<br \/>\nCourant de cr\u00eate\t600A<br \/>\nTemps de charge de la batterie\t4 &#8211; 5 heures<br \/>\nTemp\u00e9rature de fonctionnement\t-20 \u2103 &#8211; 60 \u2103<br \/>\nCycle de vie\tPlus de 3000 fois<\/p>\n<p>Emballage inclus:<\/p>\n<p>1 x D\u00e9marreur<br \/>\n1 x chargeur de voiture<br \/>\n1 x chargeur domestique<br \/>\n1 x connecteur 4 en 1 pour t\u00e9l\u00e9phone portable<br \/>\n1 x C\u00e2ble de d\u00e9marrage avec pinces de batterie<br \/>\n1 x sac<br \/>\n1 x Manuel d&rsquo;utilisation<\/p>","protected":false},"excerpt":{"rendered":"<p>68800mAh Jump Start 100 Pa Pompe \u00e0 air Power Bank Car Jump Start Caract\u00e9ristiques du produit: 1. D\u00e9marrer les voitures: v\u00e9hicules 12V(V\u00e9hicule \u00e0 essence, d\u00e9placement &lt;3.0L; v\u00e9hicule diesel, d\u00e9placement &lt;2.8L) 2. Chargement de l&rsquo;air pendant 6 minutes(2.5 kilos,100 Pa) 3. Chargez les t\u00e9l\u00e9phones portables: 6 \u00e0 8 fois. 4. Chargez l&rsquo;ordinateur portable ou l&rsquo;iPad: environ [&hellip;]<\/p>","protected":false},"featured_media":9077,"comment_status":"open","ping_status":"closed","template":"","meta":[],"product_brand":[],"product_cat":[26],"product_tag":[],"class_list":{"0":"post-9081","1":"product","2":"type-product","3":"status-publish","4":"has-post-thumbnail","6":"product_cat-accessoires-exterieur","8":"first","9":"outofstock","10":"shipping-taxable","11":"purchasable","12":"product-type-simple"},"jetpack_sharing_enabled":true,"_links":{"self":[{"href":"https:\/\/autopdz.com\/ar\/wp-json\/wp\/v2\/product\/9081","targetHints":{"allow":["GET"]}}],"collection":[{"href":"https:\/\/autopdz.com\/ar\/wp-json\/wp\/v2\/product"}],"about":[{"href":"https:\/\/autopdz.com\/ar\/wp-json\/wp\/v2\/types\/product"}],"replies":[{"embeddable":true,"href":"https:\/\/autopdz.com\/ar\/wp-json\/wp\/v2\/comments?post=9081"}],"wp:featuredmedia":[{"embeddable":true,"href":"https:\/\/autopdz.com\/ar\/wp-json\/wp\/v2\/media\/9077"}],"wp:attachment":[{"href":"https:\/\/autopdz.com\/ar\/wp-json\/wp\/v2\/media?parent=9081"}],"wp:term":[{"taxonomy":"product_brand","embeddable":true,"href":"https:\/\/autopdz.com\/ar\/wp-json\/wp\/v2\/product_brand?post=9081"},{"taxonomy":"product_cat","embeddable":true,"href":"https:\/\/autopdz.com\/ar\/wp-json\/wp\/v2\/product_cat?post=9081"},{"taxonomy":"product_tag","embeddable":true,"href":"https:\/\/autopdz.com\/ar\/wp-json\/wp\/v2\/product_tag?post=9081"}],"curies":[{"name":"wp","href":"https:\/\/api.w.org\/{rel}","templated":true}]}}