{"id":911,"date":"2023-10-11T14:43:11","date_gmt":"2023-10-11T13:43:11","guid":{"rendered":"https:\/\/autopdz.com\/?post_type=product&#038;p=911"},"modified":"2023-10-11T14:43:11","modified_gmt":"2023-10-11T13:43:11","slug":"crochets-de-traction-pour-pare-chocs-de-voiture","status":"publish","type":"product","link":"https:\/\/autopdz.com\/ar\/product\/crochets-de-traction-pour-pare-chocs-de-voiture\/","title":{"rendered":"Crochets de traction pour pare-chocs de voiture"},"content":{"rendered":"<ul>\n<li style=\"list-style-type: none;\">\n<ul>\n<li><span id=\"tl_4\" style=\"color: #000000;\"><strong data-spm-anchor-id=\"a2g0o.detail.1000023.i0.56b8qllNqllNi0\">Nom du produit<\/strong>\u00a0<strong>:<\/strong>Crochets de traction pour pare-chocs de voiture, serrures de connexion et clips de fixation<\/span><\/li>\n<\/ul>\n<\/li>\n<\/ul>\n<p>&nbsp;<\/p>\n<ul>\n<li style=\"list-style-type: none;\">\n<ul>\n<li><span id=\"tl_5\" style=\"color: #000000;\"><strong>Sp\u00e9cifications du produit:<\/strong>Deux pi\u00e8ces emball\u00e9es<\/span><\/li>\n<\/ul>\n<\/li>\n<\/ul>\n<p>&nbsp;<\/p>\n<ul>\n<li><span id=\"tl_6\" style=\"color: #000000;\"><strong>Mat\u00e9riel:<\/strong>Acier inoxydable de haute qualit\u00e9<\/span><\/li>\n<\/ul>","protected":false},"excerpt":{"rendered":"<p>Nom du produit\u00a0:Crochets de traction pour pare-chocs de voiture, serrures de connexion et clips de fixation &nbsp; Sp\u00e9cifications du produit:Deux pi\u00e8ces emball\u00e9es &nbsp; Mat\u00e9riel:Acier inoxydable de haute qualit\u00e9<\/p>","protected":false},"featured_media":912,"comment_status":"open","ping_status":"closed","template":"","meta":[],"product_brand":[],"product_cat":[26],"product_tag":[],"class_list":{"0":"post-911","1":"product","2":"type-product","3":"status-publish","4":"has-post-thumbnail","6":"product_cat-accessoires-exterieur","8":"first","9":"instock","10":"shipping-taxable","11":"purchasable","12":"product-type-simple"},"jetpack_sharing_enabled":true,"_links":{"self":[{"href":"https:\/\/autopdz.com\/ar\/wp-json\/wp\/v2\/product\/911","targetHints":{"allow":["GET"]}}],"collection":[{"href":"https:\/\/autopdz.com\/ar\/wp-json\/wp\/v2\/product"}],"about":[{"href":"https:\/\/autopdz.com\/ar\/wp-json\/wp\/v2\/types\/product"}],"replies":[{"embeddable":true,"href":"https:\/\/autopdz.com\/ar\/wp-json\/wp\/v2\/comments?post=911"}],"wp:featuredmedia":[{"embeddable":true,"href":"https:\/\/autopdz.com\/ar\/wp-json\/wp\/v2\/media\/912"}],"wp:attachment":[{"href":"https:\/\/autopdz.com\/ar\/wp-json\/wp\/v2\/media?parent=911"}],"wp:term":[{"taxonomy":"product_brand","embeddable":true,"href":"https:\/\/autopdz.com\/ar\/wp-json\/wp\/v2\/product_brand?post=911"},{"taxonomy":"product_cat","embeddable":true,"href":"https:\/\/autopdz.com\/ar\/wp-json\/wp\/v2\/product_cat?post=911"},{"taxonomy":"product_tag","embeddable":true,"href":"https:\/\/autopdz.com\/ar\/wp-json\/wp\/v2\/product_tag?post=911"}],"curies":[{"name":"wp","href":"https:\/\/api.w.org\/{rel}","templated":true}]}}