{"id":917,"date":"2023-10-11T14:56:10","date_gmt":"2023-10-11T13:56:10","guid":{"rendered":"https:\/\/autopdz.com\/?post_type=product&#038;p=917"},"modified":"2026-01-26T09:16:45","modified_gmt":"2026-01-26T08:16:45","slug":"booster-batterie-600a-50800mah","status":"publish","type":"product","link":"https:\/\/autopdz.com\/ar\/product\/booster-batterie-600a-50800mah\/","title":{"rendered":"Booster Batterie &#8211; 600A 50800mAh"},"content":{"rendered":"<ul class=\"specification--list--fiWsSyv\">\n<li class=\"specification--line--iUJOqof\">\n<div class=\"specification--prop--RejitI8\">\n<div class=\"specification--title--UbVeyic\">HAUTE PUISSANCE<\/p>\n<p>Alimentation mobile de secours automobile 12v.16v.19v.<\/p>\n<p>Batterie d&rsquo;urgence avec chargeur Usb, 50800mAH, chargeur de voiture avec lumi\u00e8re Led, dispositif de d\u00e9marrage<\/p>\n<p>Avec cet appareil, vous n\u2019aurez plus \u00e0 chercher un voisin qui vous aidera \u00e0 d\u00e9marrer la voiture \u00e0 partir de votre batterie, si votre voiture d\u00e9marre brusquement parce que vous avez oubli\u00e9 d\u2019\u00e9teindre la radio, les phares, la lumi\u00e8re dans l\u2019habitacle, etc. De plus, vous pourrez toujours recharger un ordinateur portable, un t\u00e9l\u00e9phone ou tout autre appareil, ce qui peut \u00eatre tr\u00e8s utile lors de longs voyages ou de p\u00eache, de chasse ou de vacances sous tente !<\/p>\n<p>La plupart des automobilistes ont probablement \u00e9t\u00e9 confront\u00e9s au fait que le moteur du v\u00e9hicule refuse de d\u00e9marrer en raison d\u2019une batterie d\u00e9charg\u00e9e. Eh bien, la situation avec un t\u00e9l\u00e9phone ou un ordinateur portable d\u00e9charg\u00e9 en l\u2019absence de prise 220 V \u00e0 proximit\u00e9 n\u2019est pas du tout famili\u00e8re \u00e0 chacun de nous.<\/p>\n<p>Un chargeur compact et l\u00e9ger peut \u00eatre utile dans les deux cas.<\/p>\n<p>Gr\u00e2ce \u00e0 la grande capacit\u00e9 de la batterie install\u00e9e dans cet appareil, vous pouvez l\u2019utiliser pour d\u00e9marrer le moteur de votre voiture environ 5 \u00e0 10 fois ou charger un t\u00e9l\u00e9phone compl\u00e8tement d\u00e9charg\u00e9 environ 5 \u00e0 10 fois sans vous connecter \u00e0 un r\u00e9seau 220<\/p>\n<p>V. \u00e0 la fonction principale \u2013 d\u00e9marrer les moteurs de voiture, Jump Starter est une batterie mobile universelle (Power Bank) avec un ensemble d\u2019adaptateurs et d\u2019adaptateurs pour charger la plupart des t\u00e9l\u00e9phones mobiles, ordinateurs portables et autres gadgets. Une sortie sp\u00e9ciale avec r\u00e9gulation de tension de 12 V\/16 V\/19 V est utilis\u00e9e pour charger les ordinateurs portables. Deux sorties USB avec un courant allant jusqu\u2019\u00e0 2A peuvent \u00eatre utilis\u00e9es pour charger la plupart des appareils.<\/p>\n<p>Une autre fonctionnalit\u00e9 utile est la lampe de poche LED int\u00e9gr\u00e9e. L\u2019alimentation de la batterie principale assure un fonctionnement continu de la lanterne pendant des dizaines d\u2019heures. La lampe de poche int\u00e9gr\u00e9e dispose de plusieurs modes de fonctionnement commutables, dont un signal SOS.<\/p>\n<p>Le d\u00e9marreur est \u00e9quip\u00e9 d\u2019un \u00e9tui pratique pour le stockage et le transport ainsi que de tous les adaptateurs et fils n\u00e9cessaires. Des chargeurs complets du r\u00e9seau 220V et de l\u2019allume-cigare de la voiture pour recharger le dispositif de d\u00e9marrage sont \u00e9galement plac\u00e9s dans le bo\u00eetier.<\/p>\n<p>Caract\u00e9ristiques techniques :<\/p>\n<p>Nombre de d\u00e9marrages du moteur \u00e0 partir d\u2019une recharge \u2013 environ 10.<\/p>\n<p>Sortie pour d\u00e9marrer la voiture \u2013 12 St.<\/p>\n<p>Courant de d\u00e9marrage (valeur nominale) \u2013 300 A.<\/p>\n<p>Courant maximum \u2013 600 A.<\/p>\n<p>Param\u00e8tres de sortie de courant pour alimenter et charger l\u2019appareil<\/p>\n<p>5 ; 12 ; 16 ; Connecteur USB 19 V<\/p>\n<p>\u2013 2 pi\u00e8ces.<\/p>\n<p>Chargement du dispositif de d\u00e9marrage :<\/p>\n<p>\u2013 Depuis le r\u00e9seau 220 V via un adaptateur.<\/p>\n<p>\u2013 Depuis la prise allume-cigare.<\/p>\n<p>Temps de charge \u2013 6 \u00e0 8 heures<\/p>\n<p>Batterie int\u00e9gr\u00e9e de 16 800 mAh<\/p>\n<p>Indicateur de niveau de charge int\u00e9gr\u00e9.<\/p>\n<p>Lampe de poche LED int\u00e9gr\u00e9e avec 3 modes.<\/p>\n<p>Ressource de travail \u2013 environ 3000 cycles de \u201ccharge\/d\u00e9charge\u201d.<\/p>\n<p>Les dimensions hors tout sont de 165 x 79 x 40 mm.<\/p>\n<p>Poids 485 g.<\/p><\/div>\n<\/div>\n<\/li>\n<\/ul>","protected":false},"excerpt":{"rendered":"<p>HAUTE PUISSANCE Alimentation mobile de secours automobile 12v.16v.19v. Batterie d&rsquo;urgence avec chargeur Usb, 50800mAH, chargeur de voiture avec lumi\u00e8re Led, dispositif de d\u00e9marrage Avec cet appareil, vous n\u2019aurez plus \u00e0 chercher un voisin qui vous aidera \u00e0 d\u00e9marrer la voiture \u00e0 partir de votre batterie, si votre voiture d\u00e9marre brusquement parce que vous avez oubli\u00e9 [&hellip;]<\/p>","protected":false},"featured_media":2979,"comment_status":"open","ping_status":"closed","template":"","meta":[],"product_brand":[],"product_cat":[26],"product_tag":[55],"class_list":{"0":"post-917","1":"product","2":"type-product","3":"status-publish","4":"has-post-thumbnail","6":"product_cat-accessoires-exterieur","7":"product_tag-booster","9":"first","10":"outofstock","11":"sale","12":"shipping-taxable","13":"purchasable","14":"product-type-simple"},"jetpack_sharing_enabled":true,"_links":{"self":[{"href":"https:\/\/autopdz.com\/ar\/wp-json\/wp\/v2\/product\/917","targetHints":{"allow":["GET"]}}],"collection":[{"href":"https:\/\/autopdz.com\/ar\/wp-json\/wp\/v2\/product"}],"about":[{"href":"https:\/\/autopdz.com\/ar\/wp-json\/wp\/v2\/types\/product"}],"replies":[{"embeddable":true,"href":"https:\/\/autopdz.com\/ar\/wp-json\/wp\/v2\/comments?post=917"}],"wp:featuredmedia":[{"embeddable":true,"href":"https:\/\/autopdz.com\/ar\/wp-json\/wp\/v2\/media\/2979"}],"wp:attachment":[{"href":"https:\/\/autopdz.com\/ar\/wp-json\/wp\/v2\/media?parent=917"}],"wp:term":[{"taxonomy":"product_brand","embeddable":true,"href":"https:\/\/autopdz.com\/ar\/wp-json\/wp\/v2\/product_brand?post=917"},{"taxonomy":"product_cat","embeddable":true,"href":"https:\/\/autopdz.com\/ar\/wp-json\/wp\/v2\/product_cat?post=917"},{"taxonomy":"product_tag","embeddable":true,"href":"https:\/\/autopdz.com\/ar\/wp-json\/wp\/v2\/product_tag?post=917"}],"curies":[{"name":"wp","href":"https:\/\/api.w.org\/{rel}","templated":true}]}}