{"id":9180,"date":"2024-12-30T12:34:26","date_gmt":"2024-12-30T11:34:26","guid":{"rendered":"https:\/\/autopdz.com\/product\/repartiteur-allume-cigare-de-voiture-multi-port\/"},"modified":"2026-03-02T15:13:00","modified_gmt":"2026-03-02T14:13:00","slug":"repartiteur-allume-cigare-de-voiture-multi-port","status":"publish","type":"product","link":"https:\/\/autopdz.com\/ar\/product\/repartiteur-allume-cigare-de-voiture-multi-port\/","title":{"rendered":"R\u00e9partiteur allume-cigare de voiture multi-port"},"content":{"rendered":"<p>Protection intelligente : la prise d&rsquo;alimentation multiport est \u00e9quip\u00e9e d&rsquo;une protection contre la surchauffe, la surintensit\u00e9, la surcharge, les courts-circuits et l&rsquo;inversion d&rsquo;entr\u00e9e pour prot\u00e9ger vos appareils pendant la charge.<br \/>\nChargement efficace : avec des ports USB et Type C, cette prise r\u00e9partiteur allume-cigare prend en charge la charge rapide de deux appareils simultan\u00e9ment, garantissant une efficacit\u00e9 \u00e9lev\u00e9e et une faible chaleur.<br \/>\nChargement ininterrompu : vous pouvez passer et recevoir des appels t\u00e9l\u00e9phoniques sans interruption pendant que vos appareils sont en charge, garantissant ainsi une communication fluide lors de vos d\u00e9placements.<br \/>\nDurable et r\u00e9sistant : construit avec des mat\u00e9riaux de haute qualit\u00e9, ce r\u00e9partiteur allume-cigare de voiture est r\u00e9sistant aux chocs, au froid et \u00e0 la chaleur, robuste et r\u00e9sistant \u00e0 l&rsquo;usure.<br \/>\nConception efficace et \u00e0 faible chaleur : Construit avec une conception \u00e0 haute efficacit\u00e9 et \u00e0 faible chaleur, le chargeur de voiture r\u00e9siste \u00e0 l&rsquo;oxydation garantissant des performances durables et stables.<\/p>","protected":false},"excerpt":{"rendered":"<p>Protection intelligente : la prise d&rsquo;alimentation multiport est \u00e9quip\u00e9e d&rsquo;une protection contre la surchauffe, la surintensit\u00e9, la surcharge, les courts-circuits et l&rsquo;inversion d&rsquo;entr\u00e9e pour prot\u00e9ger vos appareils pendant la charge. Chargement efficace : avec des ports USB et Type C, cette prise r\u00e9partiteur allume-cigare prend en charge la charge rapide de deux appareils simultan\u00e9ment, garantissant [&hellip;]<\/p>","protected":false},"featured_media":9177,"comment_status":"open","ping_status":"closed","template":"","meta":[],"product_brand":[],"product_cat":[24],"product_tag":[],"class_list":{"0":"post-9180","1":"product","2":"type-product","3":"status-publish","4":"has-post-thumbnail","6":"product_cat-accessoires-interieur","8":"first","9":"outofstock","10":"shipping-taxable","11":"purchasable","12":"product-type-simple"},"jetpack_sharing_enabled":true,"_links":{"self":[{"href":"https:\/\/autopdz.com\/ar\/wp-json\/wp\/v2\/product\/9180","targetHints":{"allow":["GET"]}}],"collection":[{"href":"https:\/\/autopdz.com\/ar\/wp-json\/wp\/v2\/product"}],"about":[{"href":"https:\/\/autopdz.com\/ar\/wp-json\/wp\/v2\/types\/product"}],"replies":[{"embeddable":true,"href":"https:\/\/autopdz.com\/ar\/wp-json\/wp\/v2\/comments?post=9180"}],"wp:featuredmedia":[{"embeddable":true,"href":"https:\/\/autopdz.com\/ar\/wp-json\/wp\/v2\/media\/9177"}],"wp:attachment":[{"href":"https:\/\/autopdz.com\/ar\/wp-json\/wp\/v2\/media?parent=9180"}],"wp:term":[{"taxonomy":"product_brand","embeddable":true,"href":"https:\/\/autopdz.com\/ar\/wp-json\/wp\/v2\/product_brand?post=9180"},{"taxonomy":"product_cat","embeddable":true,"href":"https:\/\/autopdz.com\/ar\/wp-json\/wp\/v2\/product_cat?post=9180"},{"taxonomy":"product_tag","embeddable":true,"href":"https:\/\/autopdz.com\/ar\/wp-json\/wp\/v2\/product_tag?post=9180"}],"curies":[{"name":"wp","href":"https:\/\/api.w.org\/{rel}","templated":true}]}}