{"id":9189,"date":"2024-12-30T12:41:07","date_gmt":"2024-12-30T11:41:07","guid":{"rendered":"https:\/\/autopdz.com\/product\/triple-prise-12v-24v-allume-cigare-usb-alimentation\/"},"modified":"2026-04-11T09:20:46","modified_gmt":"2026-04-11T08:20:46","slug":"triple-prise-12v-24v-allume-cigare-usb-alimentation","status":"publish","type":"product","link":"https:\/\/autopdz.com\/ar\/product\/triple-prise-12v-24v-allume-cigare-usb-alimentation\/","title":{"rendered":"Triple Prise 12V\/24V Allume-cigare USB Alimentation"},"content":{"rendered":"<p>USB ET QUATRE PRISES<\/p>\n<p>VOUS OFFRE DES EXP\u00c9RIENCES DE CONDUITE INATTENDUES<\/p>\n<p>Sortie chargeur USB 5V\/500mA, adapt\u00e9e aux t\u00e9l\u00e9phones portables, GPS, iPod et PDA<\/p>\n<p>Deux prises avec sortie 12V<\/p>\n<p>Un fusible est inclus avec le produit<\/p>\n<p>DC 12V\/utilisation uniquement<\/p>\n<p>Puissance de sortie totale : 120 W (sauf USB)<\/p>\n<p>Conditions de travail : temp\u00e9rature : 0&Prime;-60\u00b0C<\/p>\n<p>Humidit\u00e9 relative : 5%-70%<\/p>","protected":false},"excerpt":{"rendered":"<p>USB ET QUATRE PRISES VOUS OFFRE DES EXP\u00c9RIENCES DE CONDUITE INATTENDUES Sortie chargeur USB 5V\/500mA, adapt\u00e9e aux t\u00e9l\u00e9phones portables, GPS, iPod et PDA Deux prises avec sortie 12V Un fusible est inclus avec le produit DC 12V\/utilisation uniquement Puissance de sortie totale : 120 W (sauf USB) Conditions de travail : temp\u00e9rature : 0&Prime;-60\u00b0C Humidit\u00e9 [&hellip;]<\/p>","protected":false},"featured_media":9187,"comment_status":"open","ping_status":"closed","template":"","meta":[],"product_brand":[],"product_cat":[24],"product_tag":[],"class_list":{"0":"post-9189","1":"product","2":"type-product","3":"status-publish","4":"has-post-thumbnail","6":"product_cat-accessoires-interieur","8":"first","9":"outofstock","10":"shipping-taxable","11":"purchasable","12":"product-type-simple"},"jetpack_sharing_enabled":true,"_links":{"self":[{"href":"https:\/\/autopdz.com\/ar\/wp-json\/wp\/v2\/product\/9189","targetHints":{"allow":["GET"]}}],"collection":[{"href":"https:\/\/autopdz.com\/ar\/wp-json\/wp\/v2\/product"}],"about":[{"href":"https:\/\/autopdz.com\/ar\/wp-json\/wp\/v2\/types\/product"}],"replies":[{"embeddable":true,"href":"https:\/\/autopdz.com\/ar\/wp-json\/wp\/v2\/comments?post=9189"}],"wp:featuredmedia":[{"embeddable":true,"href":"https:\/\/autopdz.com\/ar\/wp-json\/wp\/v2\/media\/9187"}],"wp:attachment":[{"href":"https:\/\/autopdz.com\/ar\/wp-json\/wp\/v2\/media?parent=9189"}],"wp:term":[{"taxonomy":"product_brand","embeddable":true,"href":"https:\/\/autopdz.com\/ar\/wp-json\/wp\/v2\/product_brand?post=9189"},{"taxonomy":"product_cat","embeddable":true,"href":"https:\/\/autopdz.com\/ar\/wp-json\/wp\/v2\/product_cat?post=9189"},{"taxonomy":"product_tag","embeddable":true,"href":"https:\/\/autopdz.com\/ar\/wp-json\/wp\/v2\/product_tag?post=9189"}],"curies":[{"name":"wp","href":"https:\/\/api.w.org\/{rel}","templated":true}]}}