{"id":9199,"date":"2024-12-30T14:12:11","date_gmt":"2024-12-30T13:12:11","guid":{"rendered":"https:\/\/autopdz.com\/product\/systeme-darret-et-de-demarrage-de-voiture-12v-pervoi-ctc-622\/"},"modified":"2025-09-09T09:19:32","modified_gmt":"2025-09-09T08:19:32","slug":"systeme-darret-et-de-demarrage-de-voiture-12v-pervoi-ctc-622","status":"publish","type":"product","link":"https:\/\/autopdz.com\/ar\/product\/systeme-darret-et-de-demarrage-de-voiture-12v-pervoi-ctc-622\/","title":{"rendered":"Syst\u00e8me d&rsquo;arr\u00eat et de d\u00e9marrage de voiture 12V PERVOI CTC-622"},"content":{"rendered":"<p>Caract\u00e9ristiques du produit :<br \/>\nDistance de fonctionnement : jusqu&rsquo;\u00e0 5 m\u00e8tres, pour un acc\u00e8s et une commodit\u00e9 imm\u00e9diats.<br \/>\nTension de fonctionnement : 12 \u00b1 3 V, convient \u00e0 la plupart des voitures.<br \/>\nCourant de fonctionnement : \u226421 mA, tr\u00e8s efficace.<br \/>\nFr\u00e9quence de fonctionnement : 2,4 GHz, pour une communication fiable.<br \/>\nSyst\u00e8me de d\u00e9marrage et d&rsquo;arr\u00eat : possibilit\u00e9 de d\u00e9marrer et d&rsquo;arr\u00eater le moteur en appuyant simplement sur un bouton.<br \/>\nFonction transpondeur \u00e0 distance : assure la s\u00e9curit\u00e9 et la facilit\u00e9 de d\u00e9marrage du moteur.<br \/>\nR\u00e9initialisation automatique de s\u00e9curit\u00e9 : r\u00e9initialisez l&rsquo;antid\u00e9marrage apr\u00e8s 30 secondes.<br \/>\nM\u00e9canisme de protection antivol : installation facile et d\u00e9sactivation rapide du syst\u00e8me de s\u00e9curit\u00e9.<\/p>","protected":false},"excerpt":{"rendered":"<p>Caract\u00e9ristiques du produit : Distance de fonctionnement : jusqu&rsquo;\u00e0 5 m\u00e8tres, pour un acc\u00e8s et une commodit\u00e9 imm\u00e9diats. Tension de fonctionnement : 12 \u00b1 3 V, convient \u00e0 la plupart des voitures. Courant de fonctionnement : \u226421 mA, tr\u00e8s efficace. Fr\u00e9quence de fonctionnement : 2,4 GHz, pour une communication fiable. Syst\u00e8me de d\u00e9marrage et d&rsquo;arr\u00eat [&hellip;]<\/p>","protected":false},"featured_media":9194,"comment_status":"open","ping_status":"closed","template":"","meta":[],"product_brand":[],"product_cat":[26,24],"product_tag":[],"class_list":{"0":"post-9199","1":"product","2":"type-product","3":"status-publish","4":"has-post-thumbnail","6":"product_cat-accessoires-exterieur","7":"product_cat-accessoires-interieur","9":"first","10":"outofstock","11":"shipping-taxable","12":"purchasable","13":"product-type-simple"},"jetpack_sharing_enabled":true,"_links":{"self":[{"href":"https:\/\/autopdz.com\/ar\/wp-json\/wp\/v2\/product\/9199","targetHints":{"allow":["GET"]}}],"collection":[{"href":"https:\/\/autopdz.com\/ar\/wp-json\/wp\/v2\/product"}],"about":[{"href":"https:\/\/autopdz.com\/ar\/wp-json\/wp\/v2\/types\/product"}],"replies":[{"embeddable":true,"href":"https:\/\/autopdz.com\/ar\/wp-json\/wp\/v2\/comments?post=9199"}],"wp:featuredmedia":[{"embeddable":true,"href":"https:\/\/autopdz.com\/ar\/wp-json\/wp\/v2\/media\/9194"}],"wp:attachment":[{"href":"https:\/\/autopdz.com\/ar\/wp-json\/wp\/v2\/media?parent=9199"}],"wp:term":[{"taxonomy":"product_brand","embeddable":true,"href":"https:\/\/autopdz.com\/ar\/wp-json\/wp\/v2\/product_brand?post=9199"},{"taxonomy":"product_cat","embeddable":true,"href":"https:\/\/autopdz.com\/ar\/wp-json\/wp\/v2\/product_cat?post=9199"},{"taxonomy":"product_tag","embeddable":true,"href":"https:\/\/autopdz.com\/ar\/wp-json\/wp\/v2\/product_tag?post=9199"}],"curies":[{"name":"wp","href":"https:\/\/api.w.org\/{rel}","templated":true}]}}