{"id":922,"date":"2023-10-11T15:09:33","date_gmt":"2023-10-11T14:09:33","guid":{"rendered":"https:\/\/autopdz.com\/?post_type=product&#038;p=922"},"modified":"2024-12-22T14:40:37","modified_gmt":"2024-12-22T13:40:37","slug":"ampoule-led-haute-puissance-pour-voiture","status":"publish","type":"product","link":"https:\/\/autopdz.com\/ar\/product\/ampoule-led-haute-puissance-pour-voiture\/","title":{"rendered":"2pcs Ampoule LED haute puissance pour voiture"},"content":{"rendered":"<p><span style=\"color: #000000;\">Tension: DC12V-24V<\/span><\/p>\n<p><span style=\"color: #000000;\">Courant: environ 1.75\/0.25\/0,75A [Les erreurs de mesure sont normales]<\/span><\/p>\n<p><span style=\"color: #000000;\">Puissance: environ 21w (contact unique),3w\/9.5w (contact double) [les erreurs de mesure sont normales]<\/span><\/p>\n<p><span style=\"color: #000000;\">Lumens: 2100LM<\/span><\/p>\n<p><span style=\"color: #000000;\">Nombre de LED: 3014-144SMD<\/span><\/p>\n<p><span style=\"color: #000000;\">Couleur: Blanc\/Rouge\/Jaune (ambre)<\/span><\/p>\n<p><span style=\"color: #000000;\">Application: Voiture, moto, camion, SUV, ATV, etc.<\/span><\/p>\n<p><span style=\"color: #000000;\">Th\u00e9orie de dissipation thermique: aluminium d&rsquo;aviation 6063<\/span><\/p>\n<p><span style=\"color: #000000;\">\u00c9tanche: IP68<\/span><\/p>\n<p><span style=\"color: #000000;\">Utilisation: feux de recul, clignotants et feux de freinage<\/span><\/p>\n<p><span style=\"color: #000000;\"><strong>Caract\u00e9ristiques:<\/strong><\/span><\/p>\n<p><span style=\"color: #000000;\">1. Haute efficacit\u00e9 et faible consommation d&rsquo;\u00e9nergie<\/span><\/p>\n<p><span style=\"color: #000000;\">2. respectueux de l&rsquo;environnement et \u00e9conomie d&rsquo;\u00e9nergie<\/span><\/p>\n<p><span style=\"color: #000000;\">3. Temps de r\u00e9ponse marche\/arr\u00eat plus rapide et r\u00e9sistant aux vibrations<\/span><\/p>\n<p><span style=\"color: #000000;\">4. Avec une longue dur\u00e9e de vie jusqu&rsquo;\u00e0 50,000 heures<\/span><\/p>\n<p><span style=\"color: #000000;\">5. Avec 3014-144SMD LED haute luminosit\u00e9, plus lumineux que les ampoules \u00e0 incandescence ordinaires.<\/span><\/p>\n<p><span style=\"color: #000000;\">La conception d&rsquo;angle de faisceau de 6.360 degr\u00e9s \u00e9claire chaque coin.<\/span><\/p>\n<p><span style=\"color: #000000;\">7. Facile \u00e0 installer, \u00e0 brancher et \u00e0 jouer.<\/span><\/p>","protected":false},"excerpt":{"rendered":"<p>Tension: DC12V-24V Courant: environ 1.75\/0.25\/0,75A [Les erreurs de mesure sont normales] Puissance: environ 21w (contact unique),3w\/9.5w (contact double) [les erreurs de mesure sont normales] Lumens: 2100LM Nombre de LED: 3014-144SMD Couleur: Blanc\/Rouge\/Jaune (ambre) Application: Voiture, moto, camion, SUV, ATV, etc. Th\u00e9orie de dissipation thermique: aluminium d&rsquo;aviation 6063 \u00c9tanche: IP68 Utilisation: feux de recul, clignotants et [&hellip;]<\/p>","protected":false},"featured_media":8734,"comment_status":"open","ping_status":"closed","template":"","meta":[],"product_brand":[],"product_cat":[23],"product_tag":[18],"class_list":{"0":"post-922","1":"product","2":"type-product","3":"status-publish","4":"has-post-thumbnail","6":"product_cat-eclairage","7":"product_tag-led","9":"first","10":"instock","11":"shipping-taxable","12":"purchasable","13":"product-type-variable"},"jetpack_sharing_enabled":true,"_links":{"self":[{"href":"https:\/\/autopdz.com\/ar\/wp-json\/wp\/v2\/product\/922","targetHints":{"allow":["GET"]}}],"collection":[{"href":"https:\/\/autopdz.com\/ar\/wp-json\/wp\/v2\/product"}],"about":[{"href":"https:\/\/autopdz.com\/ar\/wp-json\/wp\/v2\/types\/product"}],"replies":[{"embeddable":true,"href":"https:\/\/autopdz.com\/ar\/wp-json\/wp\/v2\/comments?post=922"}],"wp:featuredmedia":[{"embeddable":true,"href":"https:\/\/autopdz.com\/ar\/wp-json\/wp\/v2\/media\/8734"}],"wp:attachment":[{"href":"https:\/\/autopdz.com\/ar\/wp-json\/wp\/v2\/media?parent=922"}],"wp:term":[{"taxonomy":"product_brand","embeddable":true,"href":"https:\/\/autopdz.com\/ar\/wp-json\/wp\/v2\/product_brand?post=922"},{"taxonomy":"product_cat","embeddable":true,"href":"https:\/\/autopdz.com\/ar\/wp-json\/wp\/v2\/product_cat?post=922"},{"taxonomy":"product_tag","embeddable":true,"href":"https:\/\/autopdz.com\/ar\/wp-json\/wp\/v2\/product_tag?post=922"}],"curies":[{"name":"wp","href":"https:\/\/api.w.org\/{rel}","templated":true}]}}