{"id":933,"date":"2023-10-11T15:33:04","date_gmt":"2023-10-11T14:33:04","guid":{"rendered":"https:\/\/autopdz.com\/?post_type=product&#038;p=933"},"modified":"2026-04-14T14:28:43","modified_gmt":"2026-04-14T13:28:43","slug":"stylo-de-reparation-de-rayures-de-peinture-de-voiture","status":"publish","type":"product","link":"https:\/\/autopdz.com\/ar\/product\/stylo-de-reparation-de-rayures-de-peinture-de-voiture\/","title":{"rendered":"Stylo de r\u00e9paration de rayures de peinture de voiture"},"content":{"rendered":"<div class=\"title--wrap--wDzGayX description--title--ZsqjrTd\">\n<div class=\"title--text--Lx66GPw\">\n<h1 class=\"title--title--RN9Pt03\" data-spm-anchor-id=\"a2g0o.detail.0.i3.4e48UWAQUWAQyx\"><span style=\"color: #000000;\">Pr\u00e9sentation<\/span><\/h1>\n<\/div>\n<p><strong style=\"color: #000000;\">Sp\u00e9cification:<\/strong><\/div>\n<div>\n<div class=\"extend--content--DlnAngg\">\n<div id=\"product-description\" class=\"description--product-description--nxRv0lW\" data-spm=\"1000023\" data-pl=\"product-description\">\n<div class=\"description--origin-part--SsZJoGC\">\n<div class=\"detailmodule_html\">\n<div class=\"detail-desc-decorate-richtext\">\n<p><span style=\"color: #000000;\">Excellente conception pour la r\u00e9paration des rayures du manteau<\/span><\/p>\n<p><span style=\"color: #000000;\">Non toxique, permanent, r\u00e9sistant \u00e0 l&rsquo;eau<\/span><\/p>\n<p><span style=\"color: #000000;\"><strong>Remarque:<\/strong>Facile \u00e0 s\u00e9cher, veuillez serrer le capuchon apr\u00e8s utilisation du stylo.<\/span><\/p>\n<p><span style=\"color: #000000;\"><strong>Comment utiliser:<\/strong><\/span><\/p>\n<p><span style=\"color: #000000;\">1. Secouez soigneusement l&rsquo;applicateur de stylo de r\u00e9paration de rayures de voiture avec capuchon, appliquez le stylo de r\u00e9paration de rayures de voiture dans la zone ombr\u00e9e.<\/span><\/p>\n<p><span style=\"color: #000000;\">2. Apposez l&rsquo;applicateur sur une surface s\u00e9par\u00e9e. Secouez 40 \u00e0 50 fois.<\/span><\/p>\n<p><span style=\"color: #000000;\">3. Appliquer le long et dans une couche transparente endommag\u00e9e. Fonctionne rapidement, Fix it Pro durcit \u00e0 la lumi\u00e8re directe du soleil.<\/span><\/p>\n<p><span style=\"color: #000000;\">4. Essuyez rapidement l&rsquo;exc\u00e8s avec une serviette en papier s\u00e8che, car Fix it Pro peut durcir rapidement. Laisser durcir \u00e0 la lumi\u00e8re du soleil jusqu&rsquo;\u00e0 sec (1-48 heures). Des rayures plus profondes peuvent n\u00e9cessiter une application suppl\u00e9mentaire.<\/span><\/p>\n<\/div>\n<\/div>\n<\/div>\n<\/div>\n<\/div>\n<\/div>","protected":false},"excerpt":{"rendered":"<p>Pr\u00e9sentation Sp\u00e9cification: Excellente conception pour la r\u00e9paration des rayures du manteau Non toxique, permanent, r\u00e9sistant \u00e0 l&rsquo;eau Remarque:Facile \u00e0 s\u00e9cher, veuillez serrer le capuchon apr\u00e8s utilisation du stylo. Comment utiliser: 1. Secouez soigneusement l&rsquo;applicateur de stylo de r\u00e9paration de rayures de voiture avec capuchon, appliquez le stylo de r\u00e9paration de rayures de voiture dans la [&hellip;]<\/p>","protected":false},"featured_media":934,"comment_status":"open","ping_status":"closed","template":"","meta":[],"product_brand":[],"product_cat":[26],"product_tag":[],"class_list":{"0":"post-933","1":"product","2":"type-product","3":"status-publish","4":"has-post-thumbnail","6":"product_cat-accessoires-exterieur","8":"first","9":"instock","10":"shipping-taxable","11":"purchasable","12":"product-type-variable"},"jetpack_sharing_enabled":true,"_links":{"self":[{"href":"https:\/\/autopdz.com\/ar\/wp-json\/wp\/v2\/product\/933","targetHints":{"allow":["GET"]}}],"collection":[{"href":"https:\/\/autopdz.com\/ar\/wp-json\/wp\/v2\/product"}],"about":[{"href":"https:\/\/autopdz.com\/ar\/wp-json\/wp\/v2\/types\/product"}],"replies":[{"embeddable":true,"href":"https:\/\/autopdz.com\/ar\/wp-json\/wp\/v2\/comments?post=933"}],"wp:featuredmedia":[{"embeddable":true,"href":"https:\/\/autopdz.com\/ar\/wp-json\/wp\/v2\/media\/934"}],"wp:attachment":[{"href":"https:\/\/autopdz.com\/ar\/wp-json\/wp\/v2\/media?parent=933"}],"wp:term":[{"taxonomy":"product_brand","embeddable":true,"href":"https:\/\/autopdz.com\/ar\/wp-json\/wp\/v2\/product_brand?post=933"},{"taxonomy":"product_cat","embeddable":true,"href":"https:\/\/autopdz.com\/ar\/wp-json\/wp\/v2\/product_cat?post=933"},{"taxonomy":"product_tag","embeddable":true,"href":"https:\/\/autopdz.com\/ar\/wp-json\/wp\/v2\/product_tag?post=933"}],"curies":[{"name":"wp","href":"https:\/\/api.w.org\/{rel}","templated":true}]}}