{"id":939,"date":"2023-10-11T15:46:06","date_gmt":"2023-10-11T14:46:06","guid":{"rendered":"https:\/\/autopdz.com\/?post_type=product&#038;p=939"},"modified":"2025-06-04T12:35:18","modified_gmt":"2025-06-04T11:35:18","slug":"caisse-a-outils-40-pieces-gris","status":"publish","type":"product","link":"https:\/\/autopdz.com\/ar\/product\/caisse-a-outils-40-pieces-gris\/","title":{"rendered":"Caisse A Outils &#8211; 40 Pi\u00e8ces &#8211; Gris"},"content":{"rendered":"<p><span style=\"color: #000000;\">C\u2019est \u00e0 ses outils qu\u2019on reconna\u00eet le bricoleur&#8230;Il\u00a0faut bien avouer qu\u2019on travaille quand m\u00eame beaucoup mieux lorsque l&rsquo;on\u00a0est bien outill\u00e9.<\/span><br \/>\n<span style=\"color: #000000;\">C\u2019est pourquoi nous vous proposons de d\u00e9couvrir cette boite \u00e0 outils qui vous sera extr\u00eamement\u00a0utile. N&rsquo;h\u00e9sitez plus, vous n&rsquo;aurez qu&rsquo;\u00e0 cliquer sur j&rsquo;ach\u00e8te et le tour est jouer.\u00a0Num\u00e9ro de mod\u00e8le: NMH-5040AMat\u00e9riel: acier au carboneQuantit\u00e9 par paquet: 40 pi\u00e8ces en 1<b>Fonctionnalit\u00e9s:<\/b>&#8211; Inclure les outils \u00e0 main, les douilles, les manchons, etc.- Fabriqu\u00e9 en acier au carbone, durable \u00e0 utiliser.- Peut \u00eatre utilis\u00e9 pour l&rsquo;entretien des v\u00e9hicules et les outils de r\u00e9paration.- Surface de la manche avec sa taille, pratique \u00e0 utiliser.Taille: (L * W * H): 240 * 120 * 37 MM \/ 9.45 * 4.72 * 1.46 poucesSp\u00e9cification: &#8211; Manchon 28 x 1\/4 pouces: 4, 4,5, 5, 5,5, 6, 6,5, 7, 7,5, 8, 9, 10, 11, 12, 13 mm, 5\/32, 3\/16, 7\/32 , 1\/4, 9\/32, 5\/16, 11\/32, 3\/8, 13\/32, 7\/16, 15\/32, 1\/2, 17\/32, 9\/16 pouces.- Manchon \u00e9toile 3 x 1\/4 pouces: 1\/4, 5\/16, 3\/8 pouces.- Manchon 2 x 3\/8 pouces: 16 mm, 15 mm.- 1 x adaptateur de conversion 1\/4 pouce \u00e0 3\/8 pouce.- 1 cl\u00e9 \u00e0 cliquet 3\/8 pouces.- 1 x carte plastique 3\/8 pouces.- 1 x barre d&rsquo;extension 3\/8 x 3 pouces.- 1 x guidon de tournevis.- 1 manchon allume-cigare 3\/8 x 21 mm.- 1 x Kit.<b>Application<\/b>: Jeu de cl\u00e9s \u00e0 douille pour outils m\u00e9nagers POUR le travail des m\u00e9taux bricolageContr\u00f4le de la qualit\u00e9: l&rsquo;\u00e9quipement avanc\u00e9 et l&rsquo;\u00e9quipe de contr\u00f4le qualit\u00e9 exp\u00e9riment\u00e9e v\u00e9rifieront le mat\u00e9riel, les pi\u00e8ces, les composants, les produits semi-finis et finis strictement \u00e0 chaque \u00e9tape avant l&rsquo;exp\u00e9dition<\/span><\/p>\n<section class=\"card aim -mtm -fs16\">\n<div class=\"row -pas\">\n<article class=\"col8 -pvs\">\n<div class=\"card-b -fh\">\n<h2 class=\"hdr -upp -fs14 -m -pam\"><span style=\"color: #000000;\">PRINCIPALES CARACT\u00c9RISTIQUES<\/span><\/h2>\n<div class=\"markup -pam\">\n<ul>\n<li><span style=\"color: #000000;\">Type de produit: boite \u00e0 outil.\u00a0<\/span><\/li>\n<li><span style=\"color: #000000;\">Couleur: grise<\/span><\/li>\n<li><span style=\"color: #000000;\">Boite \u00e0 outils avec 40 douilles.<\/span><\/li>\n<li><span style=\"color: #000000;\">Id\u00e9ale pour bricolage \u00e0 la maison ou voiture.<\/span><\/li>\n<li><span style=\"color: #000000;\">Portative..<\/span><\/li>\n<\/ul>\n<\/div>\n<\/div>\n<\/article>\n<article class=\"col8 -pvs\">\n<div class=\"card-b -fh\">\n<h2 class=\"hdr -upp -fs14 -m -pam\"><span style=\"color: #000000;\">VENDU AVEC LE PRODUIT<\/span><\/h2>\n<div class=\"markup -pam\"><span style=\"color: #000000;\"><b>Caisse A Outils &#8211; 40 Pi\u00e8ces &#8211; Cl\u00e9 A Cliquet Rotative Multifonction<\/b><\/span><\/div>\n<\/div>\n<\/article>\n<article class=\"col8 -pvs\">\n<div class=\"card-b -fh\">\n<h2 class=\"hdr -upp -fs14 -m -pam\"><span style=\"color: #000000;\">DESCRIPTIF TECHNIQUE<\/span><\/h2>\n<ul class=\"-pvs -mvxs -phm -lsn\">\n<li class=\"-pvxs\"><span style=\"color: #000000;\"><span class=\"-b\">SKU<\/span>: AI233HL14WTWWNAFAMZ<\/span><\/li>\n<li class=\"-pvxs\"><span style=\"color: #000000;\"><span class=\"-b\">Mod\u00e8le<\/span>: AIWA<\/span><\/li>\n<li class=\"-pvxs\"><span style=\"color: #000000;\"><span class=\"-b\">Taille (Longueur x Largeur x Hauteur cm)<\/span>: 150 * 25 *25<\/span><\/li>\n<li class=\"-pvxs\"><span style=\"color: #000000;\"><span class=\"-b\">Poids (kg)<\/span>: 1.1<\/span><\/li>\n<li class=\"-pvxs\"><span style=\"color: #000000;\"><span class=\"-b\">\u0627\u0644\u0644\u0648\u0646<\/span>: Gris<\/span><\/li>\n<li class=\"-pvxs\"><span style=\"color: #000000;\"><span class=\"-b\">Mat\u00e9riau principal<\/span>: acier<\/span><\/li>\n<\/ul>\n<\/div>\n<\/article>\n<\/div>\n<\/section>\n<div class=\"reco _res -mtm\" data-list=\"viewtogether\" data-plc=\"s\" data-page-type=\"pdp\" data-sku=\"AI233HL14WTWWNAFAMZ\" data-strategy=\"viewed-together\">\n<div class=\"reco-w\" data-reco-type=\"fallback\">\n<section class=\"card -oh _fw -rad4\">\n<header class=\"row _no-g -fw-nw -j-bet -i-ctr -phm -mh-48px\">\n<div class=\"cola -df -i-ctr -oh\"><\/div>\n<\/header>\n<\/section>\n<\/div>\n<\/div>","protected":false},"excerpt":{"rendered":"<p>C\u2019est \u00e0 ses outils qu\u2019on reconna\u00eet le bricoleur&#8230;Il\u00a0faut bien avouer qu\u2019on travaille quand m\u00eame beaucoup mieux lorsque l&rsquo;on\u00a0est bien outill\u00e9. C\u2019est pourquoi nous vous proposons de d\u00e9couvrir cette boite \u00e0 outils qui vous sera extr\u00eamement\u00a0utile. N&rsquo;h\u00e9sitez plus, vous n&rsquo;aurez qu&rsquo;\u00e0 cliquer sur j&rsquo;ach\u00e8te et le tour est jouer.\u00a0Num\u00e9ro de mod\u00e8le: NMH-5040AMat\u00e9riel: acier au carboneQuantit\u00e9 par [&hellip;]<\/p>","protected":false},"featured_media":940,"comment_status":"open","ping_status":"closed","template":"","meta":[],"product_brand":[],"product_cat":[26],"product_tag":[],"class_list":{"0":"post-939","1":"product","2":"type-product","3":"status-publish","4":"has-post-thumbnail","6":"product_cat-accessoires-exterieur","8":"first","9":"outofstock","10":"shipping-taxable","11":"purchasable","12":"product-type-simple"},"jetpack_sharing_enabled":true,"_links":{"self":[{"href":"https:\/\/autopdz.com\/ar\/wp-json\/wp\/v2\/product\/939","targetHints":{"allow":["GET"]}}],"collection":[{"href":"https:\/\/autopdz.com\/ar\/wp-json\/wp\/v2\/product"}],"about":[{"href":"https:\/\/autopdz.com\/ar\/wp-json\/wp\/v2\/types\/product"}],"replies":[{"embeddable":true,"href":"https:\/\/autopdz.com\/ar\/wp-json\/wp\/v2\/comments?post=939"}],"wp:featuredmedia":[{"embeddable":true,"href":"https:\/\/autopdz.com\/ar\/wp-json\/wp\/v2\/media\/940"}],"wp:attachment":[{"href":"https:\/\/autopdz.com\/ar\/wp-json\/wp\/v2\/media?parent=939"}],"wp:term":[{"taxonomy":"product_brand","embeddable":true,"href":"https:\/\/autopdz.com\/ar\/wp-json\/wp\/v2\/product_brand?post=939"},{"taxonomy":"product_cat","embeddable":true,"href":"https:\/\/autopdz.com\/ar\/wp-json\/wp\/v2\/product_cat?post=939"},{"taxonomy":"product_tag","embeddable":true,"href":"https:\/\/autopdz.com\/ar\/wp-json\/wp\/v2\/product_tag?post=939"}],"curies":[{"name":"wp","href":"https:\/\/api.w.org\/{rel}","templated":true}]}}