{"id":944,"date":"2023-10-11T17:22:56","date_gmt":"2023-10-11T16:22:56","guid":{"rendered":"https:\/\/autopdz.com\/?post_type=product&#038;p=944"},"modified":"2025-02-12T11:56:30","modified_gmt":"2025-02-12T10:56:30","slug":"paire-de-phares-antibrouillard-led","status":"publish","type":"product","link":"https:\/\/autopdz.com\/ar\/product\/paire-de-phares-antibrouillard-led\/","title":{"rendered":"Paire de phares antibrouillard LED 2Pcs"},"content":{"rendered":"<div><span style=\"color: #000000;\">Description:<\/span><\/div>\n<div><\/div>\n<div><span style=\"color: #000000;\">100% nouveau<\/span><\/div>\n<div><\/div>\n<div><span style=\"color: #000000;\">Lumi\u00e8re LED tr\u00e8s brillante<\/span><\/div>\n<div><\/div>\n<div><span style=\"color: #000000;\">\u00c9tanche, anti-poussi\u00e8re et antichoc, longue dur\u00e9e de vie.<\/span><\/div>\n<div><\/div>\n<div><span style=\"color: #000000;\">Fonction de protection automatique contre la surchauffe<\/span><\/div>\n<div><\/div>\n<div><span style=\"color: #000000;\">Facile \u00e0 installer<\/span><\/div>\n<div><\/div>\n<div><span style=\"color: #000000;\">LED haute puissance pour voitures 12V.<\/span><\/div>\n<div><\/div>\n<div><span style=\"color: #000000;\">Basse consommation \u00e9nerg\u00e9tique.<\/span><\/div>\n<div><\/div>\n<div><span style=\"color: #000000;\">Conception de Style de mode universelle, adapt\u00e9e \u00e0 toutes les voitures!<\/span><\/div>\n<div><\/div>\n<div><\/div>\n<div><span style=\"color: #000000;\">Sp\u00e9cification:<\/span><\/div>\n<div><\/div>\n<div><span style=\"color: #000000;\">Tension : 12 V CC.<\/span><\/div>\n<div><\/div>\n<div><span style=\"color: #000000;\">Puissance : 18 W par personne<\/span><\/div>\n<div><\/div>\n<div><span style=\"color: #000000;\">Quantit\u00e9 de LED : 18 par pi\u00e8ce<\/span><\/div>\n<div><\/div>\n<div><span style=\"color: #000000;\">Couleur de la lumi\u00e8re : blanc (6 000 K ~ 6 500 K).<\/span><\/div>\n<div><\/div>\n<div><span style=\"color: #000000;\">Mat\u00e9riau : bo\u00eetier en plastique<\/span><\/div>\n<div><\/div>\n<div><span style=\"color: #000000;\">Quantit\u00e9: 2 pi\u00e8ces<\/span><\/div>\n<div><\/div>\n<div><span style=\"color: #000000;\">Longueur du fil: environ 98CM<\/span><\/div>\n<div><\/div>\n<div><span style=\"color: #000000;\">Le diam\u00e8tre de la lumi\u00e8re : avant : 90 mm, arri\u00e8re : 82,5 mm<\/span><\/div>\n<div><\/div>\n<div><\/div>\n<div><span style=\"color: #000000;\">Instruction:<\/span><\/div>\n<div><\/div>\n<div><span style=\"color: #000000;\">Percez des trous de 4 mm pour les supports de montage.<\/span><\/div>\n<div><\/div>\n<div><span style=\"color: #000000;\">Serrez les vis et les \u00e9crous pour fixer le support.<\/span><\/div>\n<div><\/div>\n<div><span style=\"color: #000000;\">Ajustez l&rsquo;angle de la lumi\u00e8re et serrez les vis.<\/span><\/div>\n<div><\/div>\n<div><\/div>\n<div><span style=\"color: #000000;\">Emballer:<\/span><\/div>\n<div><\/div>\n<div><span style=\"color: #000000;\">Connectez le fil comme sch\u00e9ma de c\u00e2blage.<\/span><\/div>\n<div><\/div>\n<div><span style=\"color: #000000;\">2 X phares antibrouillard<\/span><\/div>\n<div><\/div>\n<div><span style=\"color: #000000;\">8 X vis<\/span><\/div>","protected":false},"excerpt":{"rendered":"<p>Description: 100% nouveau Lumi\u00e8re LED tr\u00e8s brillante \u00c9tanche, anti-poussi\u00e8re et antichoc, longue dur\u00e9e de vie. Fonction de protection automatique contre la surchauffe Facile \u00e0 installer LED haute puissance pour voitures 12V. Basse consommation \u00e9nerg\u00e9tique. Conception de Style de mode universelle, adapt\u00e9e \u00e0 toutes les voitures! Sp\u00e9cification: Tension : 12 V CC. Puissance : 18 W [&hellip;]<\/p>","protected":false},"featured_media":948,"comment_status":"open","ping_status":"closed","template":"","meta":[],"product_brand":[],"product_cat":[23],"product_tag":[],"class_list":{"0":"post-944","1":"product","2":"type-product","3":"status-publish","4":"has-post-thumbnail","6":"product_cat-eclairage","8":"first","9":"instock","10":"shipping-taxable","11":"purchasable","12":"product-type-simple"},"jetpack_sharing_enabled":true,"_links":{"self":[{"href":"https:\/\/autopdz.com\/ar\/wp-json\/wp\/v2\/product\/944","targetHints":{"allow":["GET"]}}],"collection":[{"href":"https:\/\/autopdz.com\/ar\/wp-json\/wp\/v2\/product"}],"about":[{"href":"https:\/\/autopdz.com\/ar\/wp-json\/wp\/v2\/types\/product"}],"replies":[{"embeddable":true,"href":"https:\/\/autopdz.com\/ar\/wp-json\/wp\/v2\/comments?post=944"}],"wp:featuredmedia":[{"embeddable":true,"href":"https:\/\/autopdz.com\/ar\/wp-json\/wp\/v2\/media\/948"}],"wp:attachment":[{"href":"https:\/\/autopdz.com\/ar\/wp-json\/wp\/v2\/media?parent=944"}],"wp:term":[{"taxonomy":"product_brand","embeddable":true,"href":"https:\/\/autopdz.com\/ar\/wp-json\/wp\/v2\/product_brand?post=944"},{"taxonomy":"product_cat","embeddable":true,"href":"https:\/\/autopdz.com\/ar\/wp-json\/wp\/v2\/product_cat?post=944"},{"taxonomy":"product_tag","embeddable":true,"href":"https:\/\/autopdz.com\/ar\/wp-json\/wp\/v2\/product_tag?post=944"}],"curies":[{"name":"wp","href":"https:\/\/api.w.org\/{rel}","templated":true}]}}