{"id":9548,"date":"2025-01-05T17:36:11","date_gmt":"2025-01-05T16:36:11","guid":{"rendered":"https:\/\/autopdz.com\/product\/aspirateur-sans-fil-polyvalent\/"},"modified":"2025-01-05T17:36:11","modified_gmt":"2025-01-05T16:36:11","slug":"aspirateur-sans-fil-polyvalent","status":"publish","type":"product","link":"https:\/\/autopdz.com\/ar\/product\/aspirateur-sans-fil-polyvalent\/","title":{"rendered":"Aspirateur sans fil polyvalent"},"content":{"rendered":"<p>Caract\u00e9ristiquesAccessoires inclus : 1 chargeur, 1 manuel, Embouts, C\u00e2ble USB, Embouts d&rsquo;extensionFonctions suppl\u00e9mentaires : rembourrage, tapis, voitureTemps de charge de la batterie : 3,5 heuresAutonomie de la batterie : 30 mMarque : AspirateurMat\u00e9riau de la coque : plastique.Types de collecteurs : Sans sacFr\u00e9quence : 120wCode de produit universel : 5035048651988.Temps de chauffe :Type d&rsquo;allumage : ManuelBatterie incluse : OuiComprend des filtres r\u00e9utilisables : OuiEst-ce industriel : NonEst-il adapt\u00e9 aux liquides : nonEst-ce sans fil : Oui\u00c9tat de l&rsquo;article : NouveauLigne : FH268Fonction principale : aspirateur multifonctionPression de vapeur maximale :Mod\u00e8le : ordinateur portableMat\u00e9riaux des tubes : plastiqueType d&rsquo;alimentation : BatterieDur\u00e9e de vie du produit : 2 ansUtilisations recommand\u00e9es : rideaux, domestiques, meubles, tissus d&rsquo;ameublement.P\u00e9riode de pi\u00e8ces de rechange ou de service technique : 3 moisTypes d&rsquo;aspirateur et de nettoyeur vapeur : AspirationTension : 110 V\/220 V.Capacit\u00e9 volum\u00e9trique : 600 mL<\/p>\n<p>Poids : 1050g<\/p>","protected":false},"excerpt":{"rendered":"<p>Caract\u00e9ristiquesAccessoires inclus : 1 chargeur, 1 manuel, Embouts, C\u00e2ble USB, Embouts d&rsquo;extensionFonctions suppl\u00e9mentaires : rembourrage, tapis, voitureTemps de charge de la batterie : 3,5 heuresAutonomie de la batterie : 30 mMarque : AspirateurMat\u00e9riau de la coque : plastique.Types de collecteurs : Sans sacFr\u00e9quence : 120wCode de produit universel : 5035048651988.Temps de chauffe :Type d&rsquo;allumage : [&hellip;]<\/p>","protected":false},"featured_media":9545,"comment_status":"open","ping_status":"closed","template":"","meta":[],"product_brand":[],"product_cat":[26,24],"product_tag":[],"class_list":{"0":"post-9548","1":"product","2":"type-product","3":"status-publish","4":"has-post-thumbnail","6":"product_cat-accessoires-exterieur","7":"product_cat-accessoires-interieur","9":"first","10":"instock","11":"shipping-taxable","12":"purchasable","13":"product-type-simple"},"jetpack_sharing_enabled":true,"_links":{"self":[{"href":"https:\/\/autopdz.com\/ar\/wp-json\/wp\/v2\/product\/9548","targetHints":{"allow":["GET"]}}],"collection":[{"href":"https:\/\/autopdz.com\/ar\/wp-json\/wp\/v2\/product"}],"about":[{"href":"https:\/\/autopdz.com\/ar\/wp-json\/wp\/v2\/types\/product"}],"replies":[{"embeddable":true,"href":"https:\/\/autopdz.com\/ar\/wp-json\/wp\/v2\/comments?post=9548"}],"wp:featuredmedia":[{"embeddable":true,"href":"https:\/\/autopdz.com\/ar\/wp-json\/wp\/v2\/media\/9545"}],"wp:attachment":[{"href":"https:\/\/autopdz.com\/ar\/wp-json\/wp\/v2\/media?parent=9548"}],"wp:term":[{"taxonomy":"product_brand","embeddable":true,"href":"https:\/\/autopdz.com\/ar\/wp-json\/wp\/v2\/product_brand?post=9548"},{"taxonomy":"product_cat","embeddable":true,"href":"https:\/\/autopdz.com\/ar\/wp-json\/wp\/v2\/product_cat?post=9548"},{"taxonomy":"product_tag","embeddable":true,"href":"https:\/\/autopdz.com\/ar\/wp-json\/wp\/v2\/product_tag?post=9548"}],"curies":[{"name":"wp","href":"https:\/\/api.w.org\/{rel}","templated":true}]}}