{"id":960,"date":"2023-10-11T21:07:27","date_gmt":"2023-10-11T20:07:27","guid":{"rendered":"https:\/\/autopdz.com\/?post_type=product&#038;p=960"},"modified":"2024-05-30T08:57:18","modified_gmt":"2024-05-30T07:57:18","slug":"led-daytime-running-light","status":"publish","type":"product","link":"https:\/\/autopdz.com\/ar\/product\/led-daytime-running-light\/","title":{"rendered":"LED Daytime Running light"},"content":{"rendered":"<ul>\n<li>On vous propose des LED pour votre voiture, ultra lumineuse<\/li>\n<li>Economie d&rsquo;\u00e9nergie jusqu&rsquo;a 65% par rapport \u00e0 la lampe d&rsquo;origine.<\/li>\n<li>Angle de faisceau plus large pour un meilleur champ visuel par mauvais temps.<\/li>\n<li>Facile \u00e0 installer.<\/li>\n<li><b>Lumi\u00e8re stroboscopique<\/b>.<\/li>\n<li><b>Feux<\/b>\u00a0de\u00a0<b>recul<\/b><\/li>\n<li>Feux de<b>\u00a0stationnement<\/b><\/li>\n<li>Feux de\u00a0<b>position lat\u00e9raux<\/b><\/li>\n<li>Eclairage de<b>\u00a0la plaque d&rsquo;immatriculation<\/b><\/li>\n<li>Feu de\u00a0<b>position<\/b><\/li>\n<li>Feu de\u00a0<b>brouillard<\/b><\/li>\n<li><\/li>\n<\/ul>","protected":false},"excerpt":{"rendered":"<p>On vous propose des LED pour votre voiture, ultra lumineuse Economie d&rsquo;\u00e9nergie jusqu&rsquo;a 65% par rapport \u00e0 la lampe d&rsquo;origine. Angle de faisceau plus large pour un meilleur champ visuel par mauvais temps. Facile \u00e0 installer. Lumi\u00e8re stroboscopique. Feux\u00a0de\u00a0recul Feux de\u00a0stationnement Feux de\u00a0position lat\u00e9raux Eclairage de\u00a0la plaque d&rsquo;immatriculation Feu de\u00a0position Feu de\u00a0brouillard<\/p>","protected":false},"featured_media":962,"comment_status":"open","ping_status":"closed","template":"","meta":[],"product_brand":[],"product_cat":[15],"product_tag":[],"class_list":{"0":"post-960","1":"product","2":"type-product","3":"status-publish","4":"has-post-thumbnail","6":"product_cat-divers","8":"first","9":"outofstock","10":"shipping-taxable","11":"purchasable","12":"product-type-simple"},"jetpack_sharing_enabled":true,"_links":{"self":[{"href":"https:\/\/autopdz.com\/ar\/wp-json\/wp\/v2\/product\/960","targetHints":{"allow":["GET"]}}],"collection":[{"href":"https:\/\/autopdz.com\/ar\/wp-json\/wp\/v2\/product"}],"about":[{"href":"https:\/\/autopdz.com\/ar\/wp-json\/wp\/v2\/types\/product"}],"replies":[{"embeddable":true,"href":"https:\/\/autopdz.com\/ar\/wp-json\/wp\/v2\/comments?post=960"}],"wp:featuredmedia":[{"embeddable":true,"href":"https:\/\/autopdz.com\/ar\/wp-json\/wp\/v2\/media\/962"}],"wp:attachment":[{"href":"https:\/\/autopdz.com\/ar\/wp-json\/wp\/v2\/media?parent=960"}],"wp:term":[{"taxonomy":"product_brand","embeddable":true,"href":"https:\/\/autopdz.com\/ar\/wp-json\/wp\/v2\/product_brand?post=960"},{"taxonomy":"product_cat","embeddable":true,"href":"https:\/\/autopdz.com\/ar\/wp-json\/wp\/v2\/product_cat?post=960"},{"taxonomy":"product_tag","embeddable":true,"href":"https:\/\/autopdz.com\/ar\/wp-json\/wp\/v2\/product_tag?post=960"}],"curies":[{"name":"wp","href":"https:\/\/api.w.org\/{rel}","templated":true}]}}