{"id":9649,"date":"2025-01-07T17:53:28","date_gmt":"2025-01-07T16:53:28","guid":{"rendered":"https:\/\/autopdz.com\/product\/boite-de-rangement-pour-siege-de-voiture-avec-usb\/"},"modified":"2025-01-07T18:12:30","modified_gmt":"2025-01-07T17:12:30","slug":"boite-de-rangement-pour-siege-de-voiture-avec-usb","status":"publish","type":"product","link":"https:\/\/autopdz.com\/ar\/product\/boite-de-rangement-pour-siege-de-voiture-avec-usb\/","title":{"rendered":"Bo\u00eete de rangement pour si\u00e8ge de voiture Avec USB"},"content":{"rendered":"<p>Bo\u00eete de rangement pour si\u00e8ge de voiture c\u00f4t\u00e9 droit en cuir PU avec double porte-gobelet USB x1<br \/>\nC\u00f4t\u00e9 droit<\/p>\n<p>Sp\u00e9cification :<br \/>\nNom : bo\u00eete de rangement pour si\u00e8ge de voiture<br \/>\nMat\u00e9riau : cuir + ABS<br \/>\nCouleur : noir<br \/>\nType : bo\u00eete de rangement pour si\u00e8ge de voiture<br \/>\nPosition d&rsquo;installation : c\u00f4t\u00e9 chauffeur<\/p>\n<p>Caract\u00e9ristiques :<br \/>\n1. Porte-gobelet, pi\u00e8ces de monnaie, cartes, cl\u00e9s, t\u00e9l\u00e9phone, etc. Bo\u00eete de rangement pour petits objets<br \/>\n2. Avec un lecteur allume-cigare, double port de charge USB pour appareil<br \/>\n3. Espace sp\u00e9cial pour emplacement pour carte<\/p>\n<p>Remarque :<br \/>\n1. Les images sont \u00e0 titre indicatif uniquement. Le produit r\u00e9el pr\u00e9vaudra. Votre satisfaction est notre plus grande pr\u00e9occupation.<br \/>\n2. Nous envoyons par d\u00e9faut le noir<\/p>\n<p>Paquet : 1 bo\u00eete de rangement USB pour si\u00e8ge de voiture<\/p>","protected":false},"excerpt":{"rendered":"<p>Bo\u00eete de rangement pour si\u00e8ge de voiture c\u00f4t\u00e9 droit en cuir PU avec double porte-gobelet USB x1 C\u00f4t\u00e9 droit Sp\u00e9cification : Nom : bo\u00eete de rangement pour si\u00e8ge de voiture Mat\u00e9riau : cuir + ABS Couleur : noir Type : bo\u00eete de rangement pour si\u00e8ge de voiture Position d&rsquo;installation : c\u00f4t\u00e9 chauffeur Caract\u00e9ristiques : 1. [&hellip;]<\/p>","protected":false},"featured_media":9643,"comment_status":"open","ping_status":"closed","template":"","meta":[],"product_brand":[],"product_cat":[24],"product_tag":[],"class_list":{"0":"post-9649","1":"product","2":"type-product","3":"status-publish","4":"has-post-thumbnail","6":"product_cat-accessoires-interieur","8":"first","9":"instock","10":"shipping-taxable","11":"purchasable","12":"product-type-simple"},"jetpack_sharing_enabled":true,"_links":{"self":[{"href":"https:\/\/autopdz.com\/ar\/wp-json\/wp\/v2\/product\/9649","targetHints":{"allow":["GET"]}}],"collection":[{"href":"https:\/\/autopdz.com\/ar\/wp-json\/wp\/v2\/product"}],"about":[{"href":"https:\/\/autopdz.com\/ar\/wp-json\/wp\/v2\/types\/product"}],"replies":[{"embeddable":true,"href":"https:\/\/autopdz.com\/ar\/wp-json\/wp\/v2\/comments?post=9649"}],"wp:featuredmedia":[{"embeddable":true,"href":"https:\/\/autopdz.com\/ar\/wp-json\/wp\/v2\/media\/9643"}],"wp:attachment":[{"href":"https:\/\/autopdz.com\/ar\/wp-json\/wp\/v2\/media?parent=9649"}],"wp:term":[{"taxonomy":"product_brand","embeddable":true,"href":"https:\/\/autopdz.com\/ar\/wp-json\/wp\/v2\/product_brand?post=9649"},{"taxonomy":"product_cat","embeddable":true,"href":"https:\/\/autopdz.com\/ar\/wp-json\/wp\/v2\/product_cat?post=9649"},{"taxonomy":"product_tag","embeddable":true,"href":"https:\/\/autopdz.com\/ar\/wp-json\/wp\/v2\/product_tag?post=9649"}],"curies":[{"name":"wp","href":"https:\/\/api.w.org\/{rel}","templated":true}]}}