{"id":966,"date":"2023-10-11T21:11:58","date_gmt":"2023-10-11T20:11:58","guid":{"rendered":"https:\/\/autopdz.com\/?post_type=product&#038;p=966"},"modified":"2025-06-20T19:22:52","modified_gmt":"2025-06-20T18:22:52","slug":"mini-lampe-torche-rechargeable-et-resiste-a-leau","status":"publish","type":"product","link":"https:\/\/autopdz.com\/ar\/product\/mini-lampe-torche-rechargeable-et-resiste-a-leau\/","title":{"rendered":"Mini Lampe Torche Rechargeable Et R\u00e9siste A L&rsquo;Eau"},"content":{"rendered":"<div class=\"card aim -mtm\">\n<div class=\"markup -mhm -pvl -oxa -sc\"><b>Notre lampe de poche\u00a0<\/b>\u00a0<b>rechargeable<\/b>\u00a0en alliage d\u2019aluminium rechargeable<b>\u00a0<\/b>\u00e0 focalisation<b>\u00a0<\/b>variable, dot\u00e9e de\u00a0 et d\u2019une autonomie de 3 heures, est exceptionnellement populaire. Fabriqu\u00e9e en alliage d&rsquo;aluminium \u00e0 haute r\u00e9sistance, cette lampe de poche est d&rsquo;une grande durabilit\u00e9. Il r\u00e9siste aux chocs et \u00e0 l&rsquo;eau. La lampe de poche comprend une ampoule XPE de haute intensit\u00e9 permettant une dur\u00e9e de vie prolong\u00e9e. Livr\u00e9 avec une batterie Li-ion rechargeable, il offre une performance de travail continue. En outre, une telle lampe de poche portable et pratique est tr\u00e8s pratique et facile \u00e0 utiliser au quotidien.<\/div>\n<\/div>\n<section class=\"card aim -mtm -fs16\">\n<div id=\"specifications\" class=\"hook\">\n<article class=\"col8 -pvs\">\n<div class=\"card-b -fh\">\n<div class=\"markup -pam\">\n<ul>\n<li>Syst\u00e8me de mise au point avanc\u00e9e; mise au point enti\u00e8rement r\u00e9glable depuis un faisceau allant du spot au faisceau de projection<\/li>\n<li>\u00a0La lunette peut \u00eatre tourn\u00e9e vers le niveau de mise au point souhait\u00e9<\/li>\n<li>\u00a0Le commutateur de lampe de poche dispose de trois modes de sortie de lumi\u00e8re<\/li>\n<li>\u00a0Une batterie au lithium ion de 3,7 V garantit une dur\u00e9e de fonctionnement durable<\/li>\n<li>\u00a0\u063a\u0644\u0627\u0641 \u0645\u0646 \u0633\u0628\u0627\u0626\u0643 \u0627\u0644\u0623\u0644\u0645\u0646\u064a\u0648\u0645 \u0627\u0644\u0645\u0645\u062a\u0627\u0632 \u064a\u0636\u0645\u0646 \u0645\u062a\u0627\u0646\u062a\u0647 \u0627\u0644\u062c\u064a\u062f\u0629 \u0648\u0647\u064a\u0643\u0644\u0647 \u0627\u0644\u0635\u0644\u0628<\/li>\n<\/ul>\n<\/div>\n<\/div>\n<\/article>\n<article class=\"col8 -pvs\">\n<div class=\"card-b -fh\"><\/div>\n<\/article>\n<\/div>\n<header class=\"-pvs -bb\"><\/header>\n<\/section>","protected":false},"excerpt":{"rendered":"<p>Notre lampe de poche\u00a0\u00a0rechargeable\u00a0en alliage d\u2019aluminium rechargeable\u00a0\u00e0 focalisation\u00a0variable, dot\u00e9e de\u00a0 et d\u2019une autonomie de 3 heures, est exceptionnellement populaire. Fabriqu\u00e9e en alliage d&rsquo;aluminium \u00e0 haute r\u00e9sistance, cette lampe de poche est d&rsquo;une grande durabilit\u00e9. Il r\u00e9siste aux chocs et \u00e0 l&rsquo;eau. La lampe de poche comprend une ampoule XPE de haute intensit\u00e9 permettant une dur\u00e9e [&hellip;]<\/p>","protected":false},"featured_media":967,"comment_status":"open","ping_status":"closed","template":"","meta":[],"product_brand":[],"product_cat":[15],"product_tag":[],"class_list":{"0":"post-966","1":"product","2":"type-product","3":"status-publish","4":"has-post-thumbnail","6":"product_cat-divers","8":"first","9":"outofstock","10":"shipping-taxable","11":"purchasable","12":"product-type-simple"},"jetpack_sharing_enabled":true,"_links":{"self":[{"href":"https:\/\/autopdz.com\/ar\/wp-json\/wp\/v2\/product\/966","targetHints":{"allow":["GET"]}}],"collection":[{"href":"https:\/\/autopdz.com\/ar\/wp-json\/wp\/v2\/product"}],"about":[{"href":"https:\/\/autopdz.com\/ar\/wp-json\/wp\/v2\/types\/product"}],"replies":[{"embeddable":true,"href":"https:\/\/autopdz.com\/ar\/wp-json\/wp\/v2\/comments?post=966"}],"wp:featuredmedia":[{"embeddable":true,"href":"https:\/\/autopdz.com\/ar\/wp-json\/wp\/v2\/media\/967"}],"wp:attachment":[{"href":"https:\/\/autopdz.com\/ar\/wp-json\/wp\/v2\/media?parent=966"}],"wp:term":[{"taxonomy":"product_brand","embeddable":true,"href":"https:\/\/autopdz.com\/ar\/wp-json\/wp\/v2\/product_brand?post=966"},{"taxonomy":"product_cat","embeddable":true,"href":"https:\/\/autopdz.com\/ar\/wp-json\/wp\/v2\/product_cat?post=966"},{"taxonomy":"product_tag","embeddable":true,"href":"https:\/\/autopdz.com\/ar\/wp-json\/wp\/v2\/product_tag?post=966"}],"curies":[{"name":"wp","href":"https:\/\/api.w.org\/{rel}","templated":true}]}}