{"id":9684,"date":"2025-01-08T11:22:27","date_gmt":"2025-01-08T10:22:27","guid":{"rendered":"https:\/\/autopdz.com\/product\/plateau-a-manger-de-voyage\/"},"modified":"2025-01-08T11:22:27","modified_gmt":"2025-01-08T10:22:27","slug":"plateau-a-manger-de-voyage","status":"publish","type":"product","link":"https:\/\/autopdz.com\/ar\/product\/plateau-a-manger-de-voyage\/","title":{"rendered":"Plateau \u00e0 Manger De Voyage"},"content":{"rendered":"<p>Table \u00e0 manger pliable mont\u00e9e sur voiture, petite table arri\u00e8re, support de salle \u00e0 manger multifonctionnel<\/p>\n<p>taille: 35x21x3,5cm<\/p>","protected":false},"excerpt":{"rendered":"<p>Table \u00e0 manger pliable mont\u00e9e sur voiture, petite table arri\u00e8re, support de salle \u00e0 manger multifonctionnel taille: 35x21x3,5cm<\/p>","protected":false},"featured_media":9683,"comment_status":"open","ping_status":"closed","template":"","meta":[],"product_brand":[],"product_cat":[24],"product_tag":[],"class_list":{"0":"post-9684","1":"product","2":"type-product","3":"status-publish","4":"has-post-thumbnail","6":"product_cat-accessoires-interieur","8":"first","9":"instock","10":"shipping-taxable","11":"purchasable","12":"product-type-simple"},"jetpack_sharing_enabled":true,"_links":{"self":[{"href":"https:\/\/autopdz.com\/ar\/wp-json\/wp\/v2\/product\/9684","targetHints":{"allow":["GET"]}}],"collection":[{"href":"https:\/\/autopdz.com\/ar\/wp-json\/wp\/v2\/product"}],"about":[{"href":"https:\/\/autopdz.com\/ar\/wp-json\/wp\/v2\/types\/product"}],"replies":[{"embeddable":true,"href":"https:\/\/autopdz.com\/ar\/wp-json\/wp\/v2\/comments?post=9684"}],"wp:featuredmedia":[{"embeddable":true,"href":"https:\/\/autopdz.com\/ar\/wp-json\/wp\/v2\/media\/9683"}],"wp:attachment":[{"href":"https:\/\/autopdz.com\/ar\/wp-json\/wp\/v2\/media?parent=9684"}],"wp:term":[{"taxonomy":"product_brand","embeddable":true,"href":"https:\/\/autopdz.com\/ar\/wp-json\/wp\/v2\/product_brand?post=9684"},{"taxonomy":"product_cat","embeddable":true,"href":"https:\/\/autopdz.com\/ar\/wp-json\/wp\/v2\/product_cat?post=9684"},{"taxonomy":"product_tag","embeddable":true,"href":"https:\/\/autopdz.com\/ar\/wp-json\/wp\/v2\/product_tag?post=9684"}],"curies":[{"name":"wp","href":"https:\/\/api.w.org\/{rel}","templated":true}]}}