{"id":970,"date":"2023-10-11T21:35:34","date_gmt":"2023-10-11T20:35:34","guid":{"rendered":"https:\/\/autopdz.com\/?post_type=product&#038;p=970"},"modified":"2025-06-03T08:31:52","modified_gmt":"2025-06-03T07:31:52","slug":"support-retroviseur-et-maison-360-pour-telephone-portable","status":"publish","type":"product","link":"https:\/\/autopdz.com\/ar\/product\/support-retroviseur-et-maison-360-pour-telephone-portable\/","title":{"rendered":"Support R\u00e9troviseur Et Maison 360\u00b0 &#8211; Pour T\u00e9l\u00e9phone Portable &#8211;"},"content":{"rendered":"<div class=\"card aim -mtm\">\n<div class=\"markup -mhm -pvl -oxa -sc\"><b>Support R\u00e9troviseur &#8211; R\u00e9glable 360\u00b0<\/b><b>\u00a0 &#8211; Pour T\u00e9l\u00e9phone Portable &#8211; Noir<\/b><b><br \/>\n<\/b>S1. L&rsquo;angle peut \u00eatre ajust\u00e9 et peut \u00eatre tourn\u00e9 \u00e0 360 \u00b0 pour r\u00e9pondre aux besoins de diff\u00e9rentes lignes de vue; En m\u00eame temps, il prend \u00e9galement en charge la commutation d&rsquo;\u00e9cran horizontale et verticale, et l&rsquo;angle de navigation peut \u00eatre ajust\u00e9 \u00e0 volont\u00e9, ce qui vous permet de mieux planifier votre itin\u00e9raire et conduire.<br \/>\n2. Le support adopte une conception cach\u00e9e, il suffit de retirer le support du r\u00e9troviseur lors de son utilisation; Si vous n&rsquo;en avez pas besoin, vous pouvez pousser doucement le support derri\u00e8re le r\u00e9troviseur, ce qui n&rsquo;interf\u00e9rera pas avec votre vue ou n&rsquo;affectera pas votre conduite en toute s\u00e9curit\u00e9.<br \/>\n3. Ce support peut \u00eatre install\u00e9 sur le r\u00e9troviseur, ce qui est pratique pour toucher l&rsquo;\u00e9cran d&rsquo;une seule main pendant la conduite, et ajuster l&rsquo;itin\u00e9raire de navigation d&rsquo;une seule main, assurer la s\u00e9curit\u00e9 de conduite et restaurer les membres de la famille.<br \/>\nLargeur r\u00e9glable de 4.50-100mm, convenable \u00e0 tous les types de t\u00e9l\u00e9phones portables, peut \u00eatre ajust\u00e9 selon les besoins.<br \/>\n5. Vous pouvez serrer le support de t\u00e9l\u00e9phone dans n&rsquo;importe quelle position. En plus du r\u00e9troviseur, vous pouvez \u00e9galement l&rsquo;installer dans le si\u00e8ge de voiture, la cuisine, la chambre \u00e0 coucher, pour faciliter vos \u00e9tudes, votre travail et passer le temps ennuyeux.<\/div>\n<\/div>\n<section class=\"card aim -mtm -fs16\">\n<div id=\"specifications\" class=\"hook\">\n<h2 class=\"hdr -upp -fs14 -m -pam\">PRINCIPALES CARACT\u00c9RISTIQUES<\/h2>\n<div class=\"markup -pam\">Sp\u00e9cification:<\/p>\n<ul>\n<li>Nom: support de Clip de suspension multifonctionnel<\/li>\n<li>Mat\u00e9riel: ABS<\/li>\n<li>Cat\u00e9gorie: Support<\/li>\n<li>Taille: environ 14.6*5.5*2.6cm<\/li>\n<li>Application: r\u00e9troviseur de voiture, si\u00e8ge, cuisine, chambre \u00e0 coucher, table, armoire, etc.<\/li>\n<li>L&#8217;emballage comprend: 1 * support<\/li>\n<\/ul>\n<\/div>\n<\/div>\n<header class=\"-pvs -bb\"><\/header>\n<\/section>","protected":false},"excerpt":{"rendered":"<p>Support R\u00e9troviseur &#8211; R\u00e9glable 360\u00b0\u00a0 &#8211; Pour T\u00e9l\u00e9phone Portable &#8211; Noir S1. L&rsquo;angle peut \u00eatre ajust\u00e9 et peut \u00eatre tourn\u00e9 \u00e0 360 \u00b0 pour r\u00e9pondre aux besoins de diff\u00e9rentes lignes de vue; En m\u00eame temps, il prend \u00e9galement en charge la commutation d&rsquo;\u00e9cran horizontale et verticale, et l&rsquo;angle de navigation peut \u00eatre ajust\u00e9 \u00e0 volont\u00e9, [&hellip;]<\/p>","protected":false},"featured_media":975,"comment_status":"open","ping_status":"closed","template":"","meta":[],"product_brand":[],"product_cat":[38],"product_tag":[],"class_list":{"0":"post-970","1":"product","2":"type-product","3":"status-publish","4":"has-post-thumbnail","6":"product_cat-support-telephone","8":"first","9":"outofstock","10":"shipping-taxable","11":"purchasable","12":"product-type-simple"},"jetpack_sharing_enabled":true,"_links":{"self":[{"href":"https:\/\/autopdz.com\/ar\/wp-json\/wp\/v2\/product\/970","targetHints":{"allow":["GET"]}}],"collection":[{"href":"https:\/\/autopdz.com\/ar\/wp-json\/wp\/v2\/product"}],"about":[{"href":"https:\/\/autopdz.com\/ar\/wp-json\/wp\/v2\/types\/product"}],"replies":[{"embeddable":true,"href":"https:\/\/autopdz.com\/ar\/wp-json\/wp\/v2\/comments?post=970"}],"wp:featuredmedia":[{"embeddable":true,"href":"https:\/\/autopdz.com\/ar\/wp-json\/wp\/v2\/media\/975"}],"wp:attachment":[{"href":"https:\/\/autopdz.com\/ar\/wp-json\/wp\/v2\/media?parent=970"}],"wp:term":[{"taxonomy":"product_brand","embeddable":true,"href":"https:\/\/autopdz.com\/ar\/wp-json\/wp\/v2\/product_brand?post=970"},{"taxonomy":"product_cat","embeddable":true,"href":"https:\/\/autopdz.com\/ar\/wp-json\/wp\/v2\/product_cat?post=970"},{"taxonomy":"product_tag","embeddable":true,"href":"https:\/\/autopdz.com\/ar\/wp-json\/wp\/v2\/product_tag?post=970"}],"curies":[{"name":"wp","href":"https:\/\/api.w.org\/{rel}","templated":true}]}}