{"id":9831,"date":"2025-01-10T11:06:55","date_gmt":"2025-01-10T10:06:55","guid":{"rendered":"https:\/\/autopdz.com\/product\/support-de-telephone-a-ventouse-magnetique-anti-secousses-360\/"},"modified":"2025-04-28T09:59:15","modified_gmt":"2025-04-28T08:59:15","slug":"support-de-telephone-a-ventouse-magnetique-anti-secousses-360","status":"publish","type":"product","link":"https:\/\/autopdz.com\/ar\/product\/support-de-telephone-a-ventouse-magnetique-anti-secousses-360\/","title":{"rendered":"support de t\u00e9l\u00e9phone \u00e0 ventouse magn\u00e9tique anti-secousses 360\u00b0"},"content":{"rendered":"<p>\u3010Support \u00e0 ventouse magn\u00e9tique pour voiture\u3011Notre support \u00e0 ventouse magn\u00e9tique innovant et polyvalent offre une solution s\u00fbre et pratique pour maintenir vos effets personnels lors de vos d\u00e9placements. Que vous ayez besoin d&rsquo;un support fiable pour votre smartphone ou m\u00eame vos cl\u00e9s, ce support magn\u00e9tique est l\u00e0 pour vous.<br \/>\n\u3010Rotation \u00e0 360 degr\u00e9s\u3011La conception unique de notre support \u00e0 ventouse magn\u00e9tique pour voiture permet une rotation compl\u00e8te \u00e0 360 degr\u00e9s, vous offrant la flexibilit\u00e9 d&rsquo;ajuster l&rsquo;angle de vue en fonction de vos besoins. Que vous pr\u00e9f\u00e9riez l&rsquo;orientation portrait ou paysage, ce support garantit que votre appareil reste dans la position parfaite pour une visibilit\u00e9 et une accessibilit\u00e9 optimales.<br \/>\n\u3010Ventouse r\u00e9glable et puissante\u3011La puissance d&rsquo;aspiration du support sur le tableau de bord peut \u00eatre ajust\u00e9e en tournant le petit levier. Ce r\u00e9glage de pression rotatif est une conception unique et innovante. Le fond de la ventouse est recouvert d&rsquo;une couche de gel. Le gel est lavable et r\u00e9utilisable et n&rsquo;affectera pas la surface du tableau de bord ou du pare-brise de votre voiture.<br \/>\n\u3010Compatibilit\u00e9 universelle\u3011Con\u00e7u pour s&rsquo;adapter \u00e0 la plupart des smartphones, appareils GPS et autres petits objets, notre support magn\u00e9tique \u00e0 ventouse pour voiture est compatible avec une large gamme de marques et de mod\u00e8les. Dites adieu aux tracas li\u00e9s \u00e0 la recherche d&rsquo;un support sp\u00e9cifique pour chaque appareil diff\u00e9rent &#8211; notre support universel est tout ce dont vous avez besoin.<br \/>\n\u3010Installation facile\u3011Avec sa base \u00e0 ventouse solide, notre support magn\u00e9tique \u00e0 ventouse pour voiture peut \u00eatre facilement fix\u00e9 sur n&rsquo;importe quelle surface lisse de votre v\u00e9hicule, comme le tableau de bord, le pare-brise ou m\u00eame la lunette arri\u00e8re. Placez simplement le support \u00e0 l&rsquo;endroit souhait\u00e9, appuyez fermement et il restera bien en place.<\/p>","protected":false},"excerpt":{"rendered":"<p>\u3010Support \u00e0 ventouse magn\u00e9tique pour voiture\u3011Notre support \u00e0 ventouse magn\u00e9tique innovant et polyvalent offre une solution s\u00fbre et pratique pour maintenir vos effets personnels lors de vos d\u00e9placements. Que vous ayez besoin d&rsquo;un support fiable pour votre smartphone ou m\u00eame vos cl\u00e9s, ce support magn\u00e9tique est l\u00e0 pour vous. \u3010Rotation \u00e0 360 degr\u00e9s\u3011La conception unique [&hellip;]<\/p>","protected":false},"featured_media":9823,"comment_status":"open","ping_status":"closed","template":"","meta":[],"product_brand":[],"product_cat":[38],"product_tag":[],"class_list":{"0":"post-9831","1":"product","2":"type-product","3":"status-publish","4":"has-post-thumbnail","6":"product_cat-support-telephone","8":"first","9":"instock","10":"sale","11":"shipping-taxable","12":"purchasable","13":"product-type-simple"},"jetpack_sharing_enabled":true,"_links":{"self":[{"href":"https:\/\/autopdz.com\/ar\/wp-json\/wp\/v2\/product\/9831","targetHints":{"allow":["GET"]}}],"collection":[{"href":"https:\/\/autopdz.com\/ar\/wp-json\/wp\/v2\/product"}],"about":[{"href":"https:\/\/autopdz.com\/ar\/wp-json\/wp\/v2\/types\/product"}],"replies":[{"embeddable":true,"href":"https:\/\/autopdz.com\/ar\/wp-json\/wp\/v2\/comments?post=9831"}],"wp:featuredmedia":[{"embeddable":true,"href":"https:\/\/autopdz.com\/ar\/wp-json\/wp\/v2\/media\/9823"}],"wp:attachment":[{"href":"https:\/\/autopdz.com\/ar\/wp-json\/wp\/v2\/media?parent=9831"}],"wp:term":[{"taxonomy":"product_brand","embeddable":true,"href":"https:\/\/autopdz.com\/ar\/wp-json\/wp\/v2\/product_brand?post=9831"},{"taxonomy":"product_cat","embeddable":true,"href":"https:\/\/autopdz.com\/ar\/wp-json\/wp\/v2\/product_cat?post=9831"},{"taxonomy":"product_tag","embeddable":true,"href":"https:\/\/autopdz.com\/ar\/wp-json\/wp\/v2\/product_tag?post=9831"}],"curies":[{"name":"wp","href":"https:\/\/api.w.org\/{rel}","templated":true}]}}