{"id":9865,"date":"2025-01-10T19:21:19","date_gmt":"2025-01-10T18:21:19","guid":{"rendered":"https:\/\/autopdz.com\/?post_type=product&#038;p=9865"},"modified":"2025-06-01T13:50:11","modified_gmt":"2025-06-01T12:50:11","slug":"lot-de-2-ampoules-de-phares-d3s-d1s-led-12500lm-6000k-110w-projecteur-a-haute-luminosite","status":"publish","type":"product","link":"https:\/\/autopdz.com\/ar\/product\/lot-de-2-ampoules-de-phares-d3s-d1s-led-12500lm-6000k-110w-projecteur-a-haute-luminosite\/","title":{"rendered":"Lot de 2 Ampoules de Phares D3S\/ D1S LED 12500LM 6000K 110W Projecteur \u00e0 haute luminosit\u00e9"},"content":{"rendered":"<p>Caract\u00e9ristiques : *1. Ce produit est directement connect\u00e9 au stabilisateur HID de la voiture d&rsquo;origine, ce qui permet une mise \u00e0 niveau v\u00e9ritablement non destructive, sans modification du circuit ni endommagement de la voiture d&rsquo;origine. Il est intelligemment d\u00e9cod\u00e9 et adapt\u00e9. *2. Projecteur \u00e0 haute luminosit\u00e9 : Adopte 30 puces de haute qualit\u00e9, avec un flux lumineux \u00e9lev\u00e9, des motifs lumineux uniformes, pas de taches sombres, et un centre super lumineux, fournissant un angle d&rsquo;\u00e9clairage plus large et une plus grande port\u00e9e pour \u00e9clairer la route. *3. Conductivit\u00e9 thermique du substrat en cuivre double : Tube en cuivre rouge pour le refroidissement par circulation, dissipation rapide de la chaleur et grande stabilit\u00e9. Ventilateur \u00e0 grande vitesse pour la dissipation de la chaleur, corps de la lampe en alliage d&rsquo;aluminium pour la conduction de la chaleur. *4. Performance : Atteindre la pleine luminosit\u00e9 en 0,1 seconde, l&rsquo;\u00e9tanch\u00e9it\u00e9 IP67 permet \u00e0 la lumi\u00e8re de fonctionner normalement dans diverses conditions m\u00e9t\u00e9orologiques, ce qui se traduit par une dur\u00e9e de vie du produit allant jusqu&rsquo;\u00e0 50000<\/p>","protected":false},"excerpt":{"rendered":"<p>Caract\u00e9ristiques : *1. Ce produit est directement connect\u00e9 au stabilisateur HID de la voiture d&rsquo;origine, ce qui permet une mise \u00e0 niveau v\u00e9ritablement non destructive, sans modification du circuit ni endommagement de la voiture d&rsquo;origine. Il est intelligemment d\u00e9cod\u00e9 et adapt\u00e9. *2. Projecteur \u00e0 haute luminosit\u00e9 : Adopte 30 puces de haute qualit\u00e9, avec un [&hellip;]<\/p>","protected":false},"featured_media":9864,"comment_status":"open","ping_status":"closed","template":"","meta":[],"product_brand":[],"product_cat":[23],"product_tag":[],"class_list":{"0":"post-9865","1":"product","2":"type-product","3":"status-publish","4":"has-post-thumbnail","6":"product_cat-eclairage","8":"first","9":"outofstock","10":"shipping-taxable","11":"purchasable","12":"product-type-variable"},"jetpack_sharing_enabled":true,"_links":{"self":[{"href":"https:\/\/autopdz.com\/ar\/wp-json\/wp\/v2\/product\/9865","targetHints":{"allow":["GET"]}}],"collection":[{"href":"https:\/\/autopdz.com\/ar\/wp-json\/wp\/v2\/product"}],"about":[{"href":"https:\/\/autopdz.com\/ar\/wp-json\/wp\/v2\/types\/product"}],"replies":[{"embeddable":true,"href":"https:\/\/autopdz.com\/ar\/wp-json\/wp\/v2\/comments?post=9865"}],"wp:featuredmedia":[{"embeddable":true,"href":"https:\/\/autopdz.com\/ar\/wp-json\/wp\/v2\/media\/9864"}],"wp:attachment":[{"href":"https:\/\/autopdz.com\/ar\/wp-json\/wp\/v2\/media?parent=9865"}],"wp:term":[{"taxonomy":"product_brand","embeddable":true,"href":"https:\/\/autopdz.com\/ar\/wp-json\/wp\/v2\/product_brand?post=9865"},{"taxonomy":"product_cat","embeddable":true,"href":"https:\/\/autopdz.com\/ar\/wp-json\/wp\/v2\/product_cat?post=9865"},{"taxonomy":"product_tag","embeddable":true,"href":"https:\/\/autopdz.com\/ar\/wp-json\/wp\/v2\/product_tag?post=9865"}],"curies":[{"name":"wp","href":"https:\/\/api.w.org\/{rel}","templated":true}]}}