{"id":990,"date":"2023-10-14T19:46:34","date_gmt":"2023-10-14T18:46:34","guid":{"rendered":"https:\/\/autopdz.com\/?post_type=product&#038;p=990"},"modified":"2024-07-01T16:31:23","modified_gmt":"2024-07-01T15:31:23","slug":"feux-de-jour-clignotant-led-pour-voiture","status":"publish","type":"product","link":"https:\/\/autopdz.com\/ar\/product\/feux-de-jour-clignotant-led-pour-voiture\/","title":{"rendered":"Feux de jour &#038; clignotant LED pour voiture"},"content":{"rendered":"<div class=\"detailmodule_text\">\n<p class=\"detail-desc-decorate-content\"><span style=\"color:#000000\"><strong data-spm-anchor-id=\"a2g0o.detail.1000023.i2.5c9037eckF4luU\">2 pi\u00e8ces DRL LED Flexible coulant \u00e9tanche bandes lumi\u00e8res DRL diurne lumi\u00e8re clignotant ange oeil blanc ambre phare LED<\/strong><\/span><\/p>\n<\/div>\n<div class=\"detailmodule_text\">\n<p class=\"detail-desc-decorate-content\"><span style=\"color:#000000\">Style A: fil rouge + fil noir = lumi\u00e8re blanche lumi\u00e8re blanche constante<\/span><\/p>\n<\/div>\n<div class=\"detailmodule_text\">\n<p class=\"detail-desc-decorate-content\"><span style=\"color:#000000\">Fil jaune + fil noir = Style l\u00e9ger ambre (peut adapt\u00e9 au clignotant)<\/span><\/p>\n<\/div>\n<div class=\"detailmodule_text\">\n<p class=\"detail-desc-decorate-content\"><span style=\"color:#000000\">Style B: fil rouge + fil noir = lumi\u00e8re blanche lumi\u00e8re blanche constante<\/span><\/p>\n<\/div>\n<div class=\"detailmodule_text\">\n<p class=\"detail-desc-decorate-content\"><span style=\"color:#000000\">Fil jaune + fil noir = lumi\u00e8re ambre coulant le Style de gouttes d&rsquo;eau (peut adapt\u00e9 au clignotant)<\/span><\/p>\n<\/div>\n<div class=\"detailmodule_text\">\n<p class=\"detail-desc-decorate-content\"><span style=\"color:#000000\">Caract\u00e9ristiques<\/span><\/p>\n<\/div>\n<div class=\"detailmodule_text\">\n<p class=\"detail-desc-decorate-content\"><span style=\"color:#000000\">IP68 imperm\u00e9abilisent le taux<\/span><\/p>\n<\/div>\n<div class=\"detailmodule_text\">\n<p class=\"detail-desc-decorate-content\"><span style=\"color:#000000\">Bande men\u00e9e Flexible<\/span><\/p>\n<\/div>\n<div class=\"detailmodule_text\">\n<p class=\"detail-desc-decorate-content\"><span style=\"color:#000000\">Facile \u00e0 installer: avec colle 3m<\/span><\/p>\n<\/div>\n<div class=\"detailmodule_text\">\n<p class=\"detail-desc-decorate-content\"><span style=\"color:#000000\">\u00c9clairage durable jusqu&rsquo;\u00e0 20,000 heures<\/span><\/p>\n<\/div>\n<div class=\"detailmodule_text\">\n<p class=\"detail-desc-decorate-content\"><span style=\"color:#000000\">D\u00e9tails<\/span><\/p>\n<p>60cm<\/p><\/div>\n<div class=\"detailmodule_text\">\n<p class=\"detail-desc-decorate-content\"><span style=\"color:#000000\">Puissance: 5W<\/span><\/p>\n<\/div>\n<div class=\"detailmodule_text\">\n<p class=\"detail-desc-decorate-content\"><span style=\"color:#000000\">Tension: DC12V<\/span><\/p>\n<\/div>\n<div class=\"detailmodule_text\">\n<p class=\"detail-desc-decorate-content\"><span style=\"color:#000000\">Source de lumi\u00e8re: puce 3030<\/span><\/p>\n<\/div>\n<div class=\"detailmodule_text\">\n<p class=\"detail-desc-decorate-content\"><span style=\"color:#000000\">Couleur: blanc et ambre<\/span><\/p>\n<\/div>\n<div class=\"detailmodule_text\">\n<p class=\"detail-desc-decorate-content\"><span style=\"color:#000000\">Caract\u00e9ristiques: DRL avec clignotant<\/span><\/p>\n<\/div>\n<div class=\"detailmodule_text\">\n<p class=\"detail-desc-decorate-content\"><span style=\"color:#000000\">Universel pour toutes les voitures<\/span><\/p>\n<\/div>\n<div class=\"detailmodule_text\">\n<p class=\"detail-desc-decorate-content\"><span style=\"color:#000000\">Paquet: 2 bandes DRL + contr\u00f4leur 2 pi\u00e8ces<\/span><\/p>\n<\/div>","protected":false},"excerpt":{"rendered":"<p>2 pi\u00e8ces DRL LED Flexible coulant \u00e9tanche bandes lumi\u00e8res DRL diurne lumi\u00e8re clignotant ange oeil blanc ambre phare LED Style A: fil rouge + fil noir = lumi\u00e8re blanche lumi\u00e8re blanche constante Fil jaune + fil noir = Style l\u00e9ger ambre (peut adapt\u00e9 au clignotant) Style B: fil rouge + fil noir = lumi\u00e8re blanche [&hellip;]<\/p>","protected":false},"featured_media":994,"comment_status":"open","ping_status":"closed","template":"","meta":[],"product_brand":[],"product_cat":[23],"product_tag":[],"class_list":{"0":"post-990","1":"product","2":"type-product","3":"status-publish","4":"has-post-thumbnail","6":"product_cat-eclairage","8":"first","9":"instock","10":"shipping-taxable","11":"purchasable","12":"product-type-simple"},"jetpack_sharing_enabled":true,"_links":{"self":[{"href":"https:\/\/autopdz.com\/ar\/wp-json\/wp\/v2\/product\/990","targetHints":{"allow":["GET"]}}],"collection":[{"href":"https:\/\/autopdz.com\/ar\/wp-json\/wp\/v2\/product"}],"about":[{"href":"https:\/\/autopdz.com\/ar\/wp-json\/wp\/v2\/types\/product"}],"replies":[{"embeddable":true,"href":"https:\/\/autopdz.com\/ar\/wp-json\/wp\/v2\/comments?post=990"}],"wp:featuredmedia":[{"embeddable":true,"href":"https:\/\/autopdz.com\/ar\/wp-json\/wp\/v2\/media\/994"}],"wp:attachment":[{"href":"https:\/\/autopdz.com\/ar\/wp-json\/wp\/v2\/media?parent=990"}],"wp:term":[{"taxonomy":"product_brand","embeddable":true,"href":"https:\/\/autopdz.com\/ar\/wp-json\/wp\/v2\/product_brand?post=990"},{"taxonomy":"product_cat","embeddable":true,"href":"https:\/\/autopdz.com\/ar\/wp-json\/wp\/v2\/product_cat?post=990"},{"taxonomy":"product_tag","embeddable":true,"href":"https:\/\/autopdz.com\/ar\/wp-json\/wp\/v2\/product_tag?post=990"}],"curies":[{"name":"wp","href":"https:\/\/api.w.org\/{rel}","templated":true}]}}