{"id":997,"date":"2023-10-14T21:12:06","date_gmt":"2023-10-14T20:12:06","guid":{"rendered":"https:\/\/autopdz.com\/?post_type=product&#038;p=997"},"modified":"2026-02-21T13:14:50","modified_gmt":"2026-02-21T12:14:50","slug":"extincteur-auto-0-5-kg-rouge","status":"publish","type":"product","link":"https:\/\/autopdz.com\/ar\/product\/extincteur-auto-0-5-kg-rouge\/","title":{"rendered":"Extincteur-Auto 0.5 KG &#8211; Rouge"},"content":{"rendered":"<p><span style=\"color:#000000\">Cet extincteur est assez petit pour \u00eatre install\u00e9 dans les voitures, taxis, cabines de poids lourds, la cuisine, caravane, petits bateaux ou ateliers. <\/span><br \/>\n<span style=\"color:#000000\">Il est efficace pour des incendies de classe A B et C ou des incendies \u00e9lectrique et qui peut facilement \u00eatre fix\u00e9 au mure gr\u00e2ce \u00e0 son support. <\/span><br \/>\n<span style=\"color:#000000\"><b>Achetez cet Extincteur Auto sur Jumia Alg\u00e9rie au meilleur prix qu&rsquo;il soit et recevez le chez vous, en ouvrant juste votre porte \u00e0 notre livreur. <\/b><\/p>\n<p><b>Caract\u00e9ristiques : <\/b><\/span><\/p>\n<ul>\n<li><span style=\"color:#000000\">Pression de service 14 bar<\/span><\/li>\n<li><span style=\"color:#000000\">Plage de temp\u00e9rature:-20 \u00e0 + 55 \u00b0C<\/span><\/li>\n<li><span style=\"color:#000000\">Gaz: azote<\/span><\/li>\n<li><span style=\"color:#000000\">R\u00e9sistant \u00e0 la corrosion finition<\/span><\/li>\n<li><span style=\"color:#000000\">Facile \u00e0 lire jauge de pression<\/span><\/li>\n<li><span style=\"color:#000000\">Dimensions : 26 x 6.3 cm<\/span><\/li>\n<\/ul>","protected":false},"excerpt":{"rendered":"<p>Cet extincteur est assez petit pour \u00eatre install\u00e9 dans les voitures, taxis, cabines de poids lourds, la cuisine, caravane, petits bateaux ou ateliers. Il est efficace pour des incendies de classe A B et C ou des incendies \u00e9lectrique et qui peut facilement \u00eatre fix\u00e9 au mure gr\u00e2ce \u00e0 son support. Achetez cet Extincteur Auto [&hellip;]<\/p>","protected":false},"featured_media":1002,"comment_status":"open","ping_status":"closed","template":"","meta":[],"product_brand":[],"product_cat":[15],"product_tag":[],"class_list":{"0":"post-997","1":"product","2":"type-product","3":"status-publish","4":"has-post-thumbnail","6":"product_cat-divers","8":"first","9":"instock","10":"shipping-taxable","11":"purchasable","12":"product-type-simple"},"jetpack_sharing_enabled":true,"_links":{"self":[{"href":"https:\/\/autopdz.com\/ar\/wp-json\/wp\/v2\/product\/997","targetHints":{"allow":["GET"]}}],"collection":[{"href":"https:\/\/autopdz.com\/ar\/wp-json\/wp\/v2\/product"}],"about":[{"href":"https:\/\/autopdz.com\/ar\/wp-json\/wp\/v2\/types\/product"}],"replies":[{"embeddable":true,"href":"https:\/\/autopdz.com\/ar\/wp-json\/wp\/v2\/comments?post=997"}],"wp:featuredmedia":[{"embeddable":true,"href":"https:\/\/autopdz.com\/ar\/wp-json\/wp\/v2\/media\/1002"}],"wp:attachment":[{"href":"https:\/\/autopdz.com\/ar\/wp-json\/wp\/v2\/media?parent=997"}],"wp:term":[{"taxonomy":"product_brand","embeddable":true,"href":"https:\/\/autopdz.com\/ar\/wp-json\/wp\/v2\/product_brand?post=997"},{"taxonomy":"product_cat","embeddable":true,"href":"https:\/\/autopdz.com\/ar\/wp-json\/wp\/v2\/product_cat?post=997"},{"taxonomy":"product_tag","embeddable":true,"href":"https:\/\/autopdz.com\/ar\/wp-json\/wp\/v2\/product_tag?post=997"}],"curies":[{"name":"wp","href":"https:\/\/api.w.org\/{rel}","templated":true}]}}